{"id":4120,"date":"2024-12-03T09:05:50","date_gmt":"2024-12-03T08:05:50","guid":{"rendered":"https:\/\/biodorcontrol.es\/shop\/biopulcher-pro\/"},"modified":"2025-12-17T13:10:20","modified_gmt":"2025-12-17T12:10:20","slug":"biopulcher-pro","status":"publish","type":"page","link":"https:\/\/biodorcontrol.es\/shop\/de\/biopulcher-pro\/","title":{"rendered":"Biopulcher PRO"},"content":{"rendered":"\t\t<div data-elementor-type=\"wp-page\" data-elementor-id=\"4120\" class=\"elementor elementor-4120 elementor-2793\" data-elementor-post-type=\"page\">\n\t\t\t\t\t\t<section class=\"elementor-section elementor-top-section elementor-element elementor-element-24468ea elementor-section-full_width elementor-section-height-default elementor-section-height-default elementor-invisible\" data-id=\"24468ea\" data-element_type=\"section\" data-e-type=\"section\" data-settings=\"{&quot;background_background&quot;:&quot;classic&quot;,&quot;animation&quot;:&quot;fadeIn&quot;}\">\n\t\t\t\t\t\t\t<div class=\"elementor-background-overlay\"><\/div>\n\t\t\t\t\t\t\t<div class=\"elementor-container elementor-column-gap-no\">\n\t\t\t\t\t<div class=\"elementor-column elementor-col-100 elementor-top-column elementor-element elementor-element-c36c6df\" data-id=\"c36c6df\" data-element_type=\"column\" data-e-type=\"column\">\n\t\t\t<div class=\"elementor-widget-wrap elementor-element-populated\">\n\t\t\t\t\t\t<div class=\"elementor-element elementor-element-db8dfc7 elementor-widget elementor-widget-heading\" data-id=\"db8dfc7\" data-element_type=\"widget\" data-e-type=\"widget\" data-widget_type=\"heading.default\">\n\t\t\t\t<div class=\"elementor-widget-container\">\n\t\t\t\t\t<h2 class=\"elementor-heading-title elementor-size-default\">Biopulcher PRO\n<\/h2>\t\t\t\t<\/div>\n\t\t\t\t<\/div>\n\t\t\t\t\t<\/div>\n\t\t<\/div>\n\t\t\t\t\t<\/div>\n\t\t<\/section>\n\t\t\t\t<section class=\"elementor-section elementor-top-section elementor-element elementor-element-4766a5e elementor-section-boxed elementor-section-height-default elementor-section-height-default elementor-invisible\" data-id=\"4766a5e\" data-element_type=\"section\" data-e-type=\"section\" id=\"pro\" data-settings=\"{&quot;background_background&quot;:&quot;classic&quot;,&quot;animation&quot;:&quot;fadeIn&quot;}\">\n\t\t\t\t\t\t\t<div class=\"elementor-background-overlay\"><\/div>\n\t\t\t\t\t\t\t<div class=\"elementor-container elementor-column-gap-no\">\n\t\t\t\t\t<div class=\"elementor-column elementor-col-50 elementor-top-column elementor-element elementor-element-066f64f\" data-id=\"066f64f\" data-element_type=\"column\" data-e-type=\"column\">\n\t\t\t<div class=\"elementor-widget-wrap elementor-element-populated\">\n\t\t\t\t\t\t<div class=\"elementor-element elementor-element-d455dd2 elementor-widget elementor-widget-image\" data-id=\"d455dd2\" data-element_type=\"widget\" data-e-type=\"widget\" data-widget_type=\"image.default\">\n\t\t\t\t<div class=\"elementor-widget-container\">\n\t\t\t\t\t\t\t\t\t\t\t\t\t\t\t<img fetchpriority=\"high\" decoding=\"async\" width=\"800\" height=\"800\" src=\"https:\/\/biodorcontrol.es\/shop\/wp-content\/uploads\/2025\/05\/pro-shop-2.jpg\" class=\"attachment-large size-large wp-image-4122\" alt=\"\" srcset=\"https:\/\/biodorcontrol.es\/shop\/wp-content\/uploads\/2025\/05\/pro-shop-2.jpg 800w, https:\/\/biodorcontrol.es\/shop\/wp-content\/uploads\/2025\/05\/pro-shop-2-300x300.jpg 300w, https:\/\/biodorcontrol.es\/shop\/wp-content\/uploads\/2025\/05\/pro-shop-2-150x150.jpg 150w, https:\/\/biodorcontrol.es\/shop\/wp-content\/uploads\/2025\/05\/pro-shop-2-768x768.jpg 768w, https:\/\/biodorcontrol.es\/shop\/wp-content\/uploads\/2025\/05\/pro-shop-2-600x600.jpg 600w, https:\/\/biodorcontrol.es\/shop\/wp-content\/uploads\/2025\/05\/pro-shop-2-100x100.jpg 100w\" sizes=\"(max-width: 800px) 100vw, 800px\" \/>\t\t\t\t\t\t\t\t\t\t\t\t\t\t\t<\/div>\n\t\t\t\t<\/div>\n\t\t\t\t\t<\/div>\n\t\t<\/div>\n\t\t\t\t<div class=\"elementor-column elementor-col-50 elementor-top-column elementor-element elementor-element-05e385a\" data-id=\"05e385a\" data-element_type=\"column\" data-e-type=\"column\">\n\t\t\t<div class=\"elementor-widget-wrap elementor-element-populated\">\n\t\t\t\t\t\t<div class=\"elementor-element elementor-element-0365646 elementor-widget elementor-widget-text-editor\" data-id=\"0365646\" data-element_type=\"widget\" data-e-type=\"widget\" data-widget_type=\"text-editor.default\">\n\t\t\t\t<div class=\"elementor-widget-container\">\n\t\t\t\t\t\t\t\t\t<p><strong>Biopulcher PRO<\/strong> ist ein universeller Geruchsneutralisator, der f\u00fcr Ger\u00fcche m\u00e4\u00dfiger Intensit\u00e4t geeignet ist, wie zum Beispiel: <strong>M\u00fcll, Haustiere, Essen, Badezimmer, Siphons, K\u00f6rpergeruch, WCs und vieles mehr.<\/strong><\/p><p>Seine fortschrittliche Formel beseitigt <strong>unangenehme Ger\u00fcche vollst\u00e4ndig <\/strong>und hinterl\u00e4sst ein angenehmes Moschusaroma im Raum.<\/p><p><strong>Verf\u00fcgbare Formate:<\/strong> 800 g, 200 g und 33 g<\/p>\t\t\t\t\t\t\t\t<\/div>\n\t\t\t\t<\/div>\n\t\t\t\t\t<\/div>\n\t\t<\/div>\n\t\t\t\t\t<\/div>\n\t\t<\/section>\n\t\t\t\t<section class=\"elementor-section elementor-top-section elementor-element elementor-element-38c69ee elementor-section-boxed elementor-section-height-default elementor-section-height-default elementor-invisible\" data-id=\"38c69ee\" data-element_type=\"section\" data-e-type=\"section\" data-settings=\"{&quot;background_background&quot;:&quot;classic&quot;,&quot;animation&quot;:&quot;fadeIn&quot;}\">\n\t\t\t\t\t\t\t<div class=\"elementor-background-overlay\"><\/div>\n\t\t\t\t\t\t\t<div class=\"elementor-container elementor-column-gap-no\">\n\t\t\t\t\t<div class=\"elementor-column elementor-col-100 elementor-top-column elementor-element elementor-element-1dc946a\" data-id=\"1dc946a\" data-element_type=\"column\" data-e-type=\"column\">\n\t\t\t<div class=\"elementor-widget-wrap elementor-element-populated\">\n\t\t\t\t\t\t<div class=\"elementor-element elementor-element-d197fde elementor-widget elementor-widget-heading\" data-id=\"d197fde\" data-element_type=\"widget\" data-e-type=\"widget\" data-widget_type=\"heading.default\">\n\t\t\t\t<div class=\"elementor-widget-container\">\n\t\t\t\t\t<h3 class=\"elementor-heading-title elementor-size-default\">Alle Biopulcher PRO Produkte<\/h3>\t\t\t\t<\/div>\n\t\t\t\t<\/div>\n\t\t\t\t<div class=\"elementor-element elementor-element-0009799 elementor-grid-mobile-1 elementor-product-loop-item--align-center elementor-grid-4 elementor-grid-tablet-3 elementor-products-grid elementor-wc-products elementor-widget elementor-widget-woocommerce-products\" data-id=\"0009799\" data-element_type=\"widget\" data-e-type=\"widget\" data-widget_type=\"woocommerce-products.default\">\n\t\t\t\t<div class=\"elementor-widget-container\">\n\t\t\t\t\t<div class=\"woocommerce columns-4 \"><ul class=\"products elementor-grid columns-4\">\n<li class=\"product type-product post-4321 status-publish first instock product_cat-33-gramm product_cat-anti-geruch-gele has-post-thumbnail taxable shipping-taxable purchasable product-type-simple\">\n\t<a href=\"https:\/\/biodorcontrol.es\/shop\/de\/produkt\/biopulcher-pro\/\" class=\"woocommerce-LoopProduct-link woocommerce-loop-product__link\"><img decoding=\"async\" width=\"300\" height=\"300\" src=\"https:\/\/biodorcontrol.es\/shop\/wp-content\/uploads\/2024\/02\/Biodor-control-pro-ES-300x300.jpg\" class=\"attachment-woocommerce_thumbnail size-woocommerce_thumbnail\" alt=\"Biopulcher PRO\" srcset=\"https:\/\/biodorcontrol.es\/shop\/wp-content\/uploads\/2024\/02\/Biodor-control-pro-ES-300x300.jpg 300w, https:\/\/biodorcontrol.es\/shop\/wp-content\/uploads\/2024\/02\/Biodor-control-pro-ES-150x150.jpg 150w, https:\/\/biodorcontrol.es\/shop\/wp-content\/uploads\/2024\/02\/Biodor-control-pro-ES-768x768.jpg 768w, https:\/\/biodorcontrol.es\/shop\/wp-content\/uploads\/2024\/02\/Biodor-control-pro-ES-600x600.jpg 600w, https:\/\/biodorcontrol.es\/shop\/wp-content\/uploads\/2024\/02\/Biodor-control-pro-ES-100x100.jpg 100w, https:\/\/biodorcontrol.es\/shop\/wp-content\/uploads\/2024\/02\/Biodor-control-pro-ES.jpg 800w\" sizes=\"(max-width: 300px) 100vw, 300px\" \/><h2 class=\"woocommerce-loop-product__title\">Biopulcher PRO<\/h2>\n\t<span class=\"price\"><span class=\"woocommerce-Price-amount amount\"><bdi>14,98&nbsp;<span class=\"woocommerce-Price-currencySymbol\">&euro;<\/span><\/bdi><\/span><\/span>\n<\/a><a href=\"\/shop\/de\/wp-json\/wp\/v2\/pages\/4120?add-to-cart=4321\" aria-describedby=\"woocommerce_loop_add_to_cart_link_describedby_4321\" data-quantity=\"1\" class=\"button product_type_simple add_to_cart_button ajax_add_to_cart\" data-product_id=\"4321\" data-product_sku=\"\" aria-label=\"In den Warenkorb legen: \u201eBiopulcher PRO\u201c\" rel=\"nofollow\" data-success_message=\"\u201eBiopulcher PRO\u201c wurde deinem Warenkorb hinzugef\u00fcgt\">In den Warenkorb<\/a>\t<span id=\"woocommerce_loop_add_to_cart_link_describedby_4321\" class=\"screen-reader-text\">\n\t\t\t<\/span>\n<\/li>\n<li class=\"product type-product post-4444 status-publish instock product_cat-200-gramms product_cat-anti-geruch-gele has-post-thumbnail taxable shipping-taxable purchasable product-type-simple\">\n\t<a href=\"https:\/\/biodorcontrol.es\/shop\/de\/produkt\/biopulcher-pro-200g\/\" class=\"woocommerce-LoopProduct-link woocommerce-loop-product__link\"><img decoding=\"async\" width=\"300\" height=\"300\" src=\"https:\/\/biodorcontrol.es\/shop\/wp-content\/uploads\/2024\/02\/Biodor-control-pro-200-ES-300x300.jpg\" class=\"attachment-woocommerce_thumbnail size-woocommerce_thumbnail\" alt=\"Biopulcher PRO 200g\" srcset=\"https:\/\/biodorcontrol.es\/shop\/wp-content\/uploads\/2024\/02\/Biodor-control-pro-200-ES-300x300.jpg 300w, https:\/\/biodorcontrol.es\/shop\/wp-content\/uploads\/2024\/02\/Biodor-control-pro-200-ES-150x150.jpg 150w, https:\/\/biodorcontrol.es\/shop\/wp-content\/uploads\/2024\/02\/Biodor-control-pro-200-ES-768x768.jpg 768w, https:\/\/biodorcontrol.es\/shop\/wp-content\/uploads\/2024\/02\/Biodor-control-pro-200-ES-600x600.jpg 600w, https:\/\/biodorcontrol.es\/shop\/wp-content\/uploads\/2024\/02\/Biodor-control-pro-200-ES-100x100.jpg 100w, https:\/\/biodorcontrol.es\/shop\/wp-content\/uploads\/2024\/02\/Biodor-control-pro-200-ES.jpg 800w\" sizes=\"(max-width: 300px) 100vw, 300px\" \/><h2 class=\"woocommerce-loop-product__title\">Biopulcher PRO 200g<\/h2>\n\t<span class=\"price\"><span class=\"woocommerce-Price-amount amount\"><bdi>39,89&nbsp;<span class=\"woocommerce-Price-currencySymbol\">&euro;<\/span><\/bdi><\/span><\/span>\n<\/a><a href=\"\/shop\/de\/wp-json\/wp\/v2\/pages\/4120?add-to-cart=4444\" aria-describedby=\"woocommerce_loop_add_to_cart_link_describedby_4444\" data-quantity=\"1\" class=\"button product_type_simple add_to_cart_button ajax_add_to_cart\" data-product_id=\"4444\" data-product_sku=\"\" aria-label=\"In den Warenkorb legen: \u201eBiopulcher PRO 200g\u201c\" rel=\"nofollow\" data-success_message=\"\u201eBiopulcher PRO 200g\u201c wurde deinem Warenkorb hinzugef\u00fcgt\">In den Warenkorb<\/a>\t<span id=\"woocommerce_loop_add_to_cart_link_describedby_4444\" class=\"screen-reader-text\">\n\t\t\t<\/span>\n<\/li>\n<li class=\"product type-product post-4449 status-publish instock product_cat-800-gramms product_cat-anti-geruch-gele has-post-thumbnail taxable shipping-taxable purchasable product-type-simple\">\n\t<a href=\"https:\/\/biodorcontrol.es\/shop\/de\/produkt\/biopulcher-pro-800g\/\" class=\"woocommerce-LoopProduct-link woocommerce-loop-product__link\"><img loading=\"lazy\" decoding=\"async\" width=\"300\" height=\"300\" src=\"https:\/\/biodorcontrol.es\/shop\/wp-content\/uploads\/2024\/02\/Biodor-control-pro-800-ES-EN-300x300.jpg\" class=\"attachment-woocommerce_thumbnail size-woocommerce_thumbnail\" alt=\"Biopulcher PRO 800g\" srcset=\"https:\/\/biodorcontrol.es\/shop\/wp-content\/uploads\/2024\/02\/Biodor-control-pro-800-ES-EN-300x300.jpg 300w, https:\/\/biodorcontrol.es\/shop\/wp-content\/uploads\/2024\/02\/Biodor-control-pro-800-ES-EN-150x150.jpg 150w, https:\/\/biodorcontrol.es\/shop\/wp-content\/uploads\/2024\/02\/Biodor-control-pro-800-ES-EN-768x768.jpg 768w, https:\/\/biodorcontrol.es\/shop\/wp-content\/uploads\/2024\/02\/Biodor-control-pro-800-ES-EN-600x600.jpg 600w, https:\/\/biodorcontrol.es\/shop\/wp-content\/uploads\/2024\/02\/Biodor-control-pro-800-ES-EN-100x100.jpg 100w, https:\/\/biodorcontrol.es\/shop\/wp-content\/uploads\/2024\/02\/Biodor-control-pro-800-ES-EN.jpg 800w\" sizes=\"(max-width: 300px) 100vw, 300px\" \/><h2 class=\"woocommerce-loop-product__title\">Biopulcher PRO 800g<\/h2>\n\t<span class=\"price\"><span class=\"woocommerce-Price-amount amount\"><bdi>129,45&nbsp;<span class=\"woocommerce-Price-currencySymbol\">&euro;<\/span><\/bdi><\/span><\/span>\n<\/a><a href=\"\/shop\/de\/wp-json\/wp\/v2\/pages\/4120?add-to-cart=4449\" aria-describedby=\"woocommerce_loop_add_to_cart_link_describedby_4449\" data-quantity=\"1\" class=\"button product_type_simple add_to_cart_button ajax_add_to_cart\" data-product_id=\"4449\" data-product_sku=\"\" aria-label=\"In den Warenkorb legen: \u201eBiopulcher PRO 800g\u201c\" rel=\"nofollow\" data-success_message=\"\u201eBiopulcher PRO 800g\u201c wurde deinem Warenkorb hinzugef\u00fcgt\">In den Warenkorb<\/a>\t<span id=\"woocommerce_loop_add_to_cart_link_describedby_4449\" class=\"screen-reader-text\">\n\t\t\t<\/span>\n<\/li>\n<\/ul>\n<\/div>\t\t\t\t<\/div>\n\t\t\t\t<\/div>\n\t\t\t\t\t<\/div>\n\t\t<\/div>\n\t\t\t\t\t<\/div>\n\t\t<\/section>\n\t\t\t\t<\/div>\n\t\t","protected":false},"excerpt":{"rendered":"<p>Biopulcher PRO Biopulcher PRO ist ein universeller Geruchsneutralisator, der f\u00fcr Ger\u00fcche m\u00e4\u00dfiger Intensit\u00e4t geeignet ist, wie zum Beispiel: M\u00fcll, Haustiere, Essen, Badezimmer, Siphons, K\u00f6rpergeruch, WCs und vieles mehr. Seine fortschrittliche Formel beseitigt unangenehme Ger\u00fcche vollst\u00e4ndig und hinterl\u00e4sst ein angenehmes Moschusaroma im Raum. Verf\u00fcgbare Formate: 800 g, 200 g und 33 g Alle Biopulcher PRO Produkte<\/p>\n","protected":false},"author":1,"featured_media":4121,"parent":0,"menu_order":0,"comment_status":"closed","ping_status":"closed","template":"","meta":{"_seopress_robots_primary_cat":"","_seopress_titles_title":"Biopulcher PRO beseitigt Ger\u00fcche von: M\u00fcll, Haustieren, Essen, Badezimmern, Siphons, K\u00f6rpergeruch, WCs und vielem mehr.","_seopress_titles_desc":"Ein universeller Geruchsneutralisator, der speziell f\u00fcr Ger\u00fcche m\u00e4\u00dfiger Intensit\u00e4t entwickelt wurde, wie zum Beispiel: M\u00fcll, Haustiere, Essen, Badezimmer, Siphons, K\u00f6rpergeruch, WCs und vieles mehr.","_seopress_robots_index":"","footnotes":""},"class_list":["post-4120","page","type-page","status-publish","has-post-thumbnail","hentry"],"_links":{"self":[{"href":"https:\/\/biodorcontrol.es\/shop\/de\/wp-json\/wp\/v2\/pages\/4120","targetHints":{"allow":["GET"]}}],"collection":[{"href":"https:\/\/biodorcontrol.es\/shop\/de\/wp-json\/wp\/v2\/pages"}],"about":[{"href":"https:\/\/biodorcontrol.es\/shop\/de\/wp-json\/wp\/v2\/types\/page"}],"author":[{"embeddable":true,"href":"https:\/\/biodorcontrol.es\/shop\/de\/wp-json\/wp\/v2\/users\/1"}],"replies":[{"embeddable":true,"href":"https:\/\/biodorcontrol.es\/shop\/de\/wp-json\/wp\/v2\/comments?post=4120"}],"version-history":[{"count":1,"href":"https:\/\/biodorcontrol.es\/shop\/de\/wp-json\/wp\/v2\/pages\/4120\/revisions"}],"predecessor-version":[{"id":4123,"href":"https:\/\/biodorcontrol.es\/shop\/de\/wp-json\/wp\/v2\/pages\/4120\/revisions\/4123"}],"wp:featuredmedia":[{"embeddable":true,"href":"https:\/\/biodorcontrol.es\/shop\/de\/wp-json\/wp\/v2\/media\/4121"}],"wp:attachment":[{"href":"https:\/\/biodorcontrol.es\/shop\/de\/wp-json\/wp\/v2\/media?parent=4120"}],"curies":[{"name":"wp","href":"https:\/\/api.w.org\/{rel}","templated":true}]}}