{"id":4124,"date":"2024-12-02T15:03:29","date_gmt":"2024-12-02T14:03:29","guid":{"rendered":"https:\/\/biodorcontrol.es\/shop\/biopulcher-cnb\/"},"modified":"2025-12-17T13:35:33","modified_gmt":"2025-12-17T12:35:33","slug":"biopulcher-cnb","status":"publish","type":"page","link":"https:\/\/biodorcontrol.es\/shop\/de\/biopulcher-cnb\/","title":{"rendered":"Biopulcher CNB"},"content":{"rendered":"\t\t<div data-elementor-type=\"wp-page\" data-elementor-id=\"4124\" class=\"elementor elementor-4124 elementor-2776\" data-elementor-post-type=\"page\">\n\t\t\t\t\t\t<section class=\"elementor-section elementor-top-section elementor-element elementor-element-50be86f elementor-section-full_width elementor-section-height-default elementor-section-height-default elementor-invisible\" data-id=\"50be86f\" data-element_type=\"section\" data-e-type=\"section\" data-settings=\"{&quot;background_background&quot;:&quot;classic&quot;,&quot;animation&quot;:&quot;fadeIn&quot;}\">\n\t\t\t\t\t\t\t<div class=\"elementor-background-overlay\"><\/div>\n\t\t\t\t\t\t\t<div class=\"elementor-container elementor-column-gap-no\">\n\t\t\t\t\t<div class=\"elementor-column elementor-col-100 elementor-top-column elementor-element elementor-element-97f788a\" data-id=\"97f788a\" data-element_type=\"column\" data-e-type=\"column\">\n\t\t\t<div class=\"elementor-widget-wrap elementor-element-populated\">\n\t\t\t\t\t\t<div class=\"elementor-element elementor-element-7f7af22 elementor-widget elementor-widget-heading\" data-id=\"7f7af22\" data-element_type=\"widget\" data-e-type=\"widget\" data-widget_type=\"heading.default\">\n\t\t\t\t<div class=\"elementor-widget-container\">\n\t\t\t\t\t<h2 class=\"elementor-heading-title elementor-size-default\">Biopulcher CNB\n<\/h2>\t\t\t\t<\/div>\n\t\t\t\t<\/div>\n\t\t\t\t\t<\/div>\n\t\t<\/div>\n\t\t\t\t\t<\/div>\n\t\t<\/section>\n\t\t\t\t<section class=\"elementor-section elementor-top-section elementor-element elementor-element-5ad80f1 elementor-section-boxed elementor-section-height-default elementor-section-height-default elementor-invisible\" data-id=\"5ad80f1\" data-element_type=\"section\" data-e-type=\"section\" id=\"cnb\" data-settings=\"{&quot;background_background&quot;:&quot;classic&quot;,&quot;animation&quot;:&quot;fadeIn&quot;}\">\n\t\t\t\t\t\t\t<div class=\"elementor-background-overlay\"><\/div>\n\t\t\t\t\t\t\t<div class=\"elementor-container elementor-column-gap-no\">\n\t\t\t\t\t<div class=\"elementor-column elementor-col-50 elementor-top-column elementor-element elementor-element-a6989b8\" data-id=\"a6989b8\" data-element_type=\"column\" data-e-type=\"column\">\n\t\t\t<div class=\"elementor-widget-wrap elementor-element-populated\">\n\t\t\t\t\t\t<div class=\"elementor-element elementor-element-6e4b092 elementor-widget elementor-widget-image\" data-id=\"6e4b092\" data-element_type=\"widget\" data-e-type=\"widget\" data-widget_type=\"image.default\">\n\t\t\t\t<div class=\"elementor-widget-container\">\n\t\t\t\t\t\t\t\t\t\t\t\t\t\t\t<img fetchpriority=\"high\" decoding=\"async\" width=\"800\" height=\"800\" src=\"https:\/\/biodorcontrol.es\/shop\/wp-content\/uploads\/2025\/05\/cnb-shop-2.jpg\" class=\"attachment-large size-large wp-image-4125\" alt=\"\" srcset=\"https:\/\/biodorcontrol.es\/shop\/wp-content\/uploads\/2025\/05\/cnb-shop-2.jpg 800w, https:\/\/biodorcontrol.es\/shop\/wp-content\/uploads\/2025\/05\/cnb-shop-2-300x300.jpg 300w, https:\/\/biodorcontrol.es\/shop\/wp-content\/uploads\/2025\/05\/cnb-shop-2-150x150.jpg 150w, https:\/\/biodorcontrol.es\/shop\/wp-content\/uploads\/2025\/05\/cnb-shop-2-768x768.jpg 768w, https:\/\/biodorcontrol.es\/shop\/wp-content\/uploads\/2025\/05\/cnb-shop-2-600x600.jpg 600w, https:\/\/biodorcontrol.es\/shop\/wp-content\/uploads\/2025\/05\/cnb-shop-2-100x100.jpg 100w\" sizes=\"(max-width: 800px) 100vw, 800px\" \/>\t\t\t\t\t\t\t\t\t\t\t\t\t\t\t<\/div>\n\t\t\t\t<\/div>\n\t\t\t\t\t<\/div>\n\t\t<\/div>\n\t\t\t\t<div class=\"elementor-column elementor-col-50 elementor-top-column elementor-element elementor-element-cb02880\" data-id=\"cb02880\" data-element_type=\"column\" data-e-type=\"column\">\n\t\t\t<div class=\"elementor-widget-wrap elementor-element-populated\">\n\t\t\t\t\t\t<div class=\"elementor-element elementor-element-b04a610 elementor-widget elementor-widget-text-editor\" data-id=\"b04a610\" data-element_type=\"widget\" data-e-type=\"widget\" data-widget_type=\"text-editor.default\">\n\t\t\t\t<div class=\"elementor-widget-container\">\n\t\t\t\t\t\t\t\t\t<p><strong>Biopulcher CNB <\/strong>ist ein Gel, das speziell f\u00fcr die Beseitigung<strong> intensiver Ger\u00fcche<\/strong> in geschlossenen R\u00e4umen entwickelt wurde. Es sorgt \u00fcber Wochen hinweg f\u00fcr eine saubere und frische Atmosph\u00e4re.<br><strong>Es \u00fcberdeckt Ger\u00fcche nicht, <\/strong>sondern beseitigt sie an der Wurzel \u2013 dank seiner einzigartigen Formel, die kontinuierlich wirkt.<\/p><p>Erh\u00e4ltlich in zwei Ausf\u00fchrungen:<br><strong>Neutral <\/strong>\u2013 ideal f\u00fcr alle, die eine minimale aromatische Pr\u00e4senz w\u00fcnschen, und<br><strong>Eukalyptus <\/strong>\u2013 f\u00fcr einen frischen, sanften Hauch bei gleichzeitiger Geruchsneutralisierung.<\/p><p><strong>Verf\u00fcgbare Formate<\/strong>: 33 g, 200 g und 800 g.<\/p>\t\t\t\t\t\t\t\t<\/div>\n\t\t\t\t<\/div>\n\t\t\t\t\t<\/div>\n\t\t<\/div>\n\t\t\t\t\t<\/div>\n\t\t<\/section>\n\t\t\t\t<section class=\"elementor-section elementor-top-section elementor-element elementor-element-636b05b elementor-section-boxed elementor-section-height-default elementor-section-height-default elementor-invisible\" data-id=\"636b05b\" data-element_type=\"section\" data-e-type=\"section\" data-settings=\"{&quot;background_background&quot;:&quot;classic&quot;,&quot;animation&quot;:&quot;fadeIn&quot;}\">\n\t\t\t\t\t\t\t<div class=\"elementor-background-overlay\"><\/div>\n\t\t\t\t\t\t\t<div class=\"elementor-container elementor-column-gap-no\">\n\t\t\t\t\t<div class=\"elementor-column elementor-col-100 elementor-top-column elementor-element elementor-element-baf7e61\" data-id=\"baf7e61\" data-element_type=\"column\" data-e-type=\"column\">\n\t\t\t<div class=\"elementor-widget-wrap elementor-element-populated\">\n\t\t\t\t\t\t<div class=\"elementor-element elementor-element-efb3206 elementor-widget elementor-widget-heading\" data-id=\"efb3206\" data-element_type=\"widget\" data-e-type=\"widget\" data-widget_type=\"heading.default\">\n\t\t\t\t<div class=\"elementor-widget-container\">\n\t\t\t\t\t<h3 class=\"elementor-heading-title elementor-size-default\">Alle Biopulcher CNB Formate<\/h3>\t\t\t\t<\/div>\n\t\t\t\t<\/div>\n\t\t\t\t<div class=\"elementor-element elementor-element-6f061c7 elementor-grid-mobile-1 elementor-product-loop-item--align-center elementor-grid-4 elementor-grid-tablet-3 elementor-products-grid elementor-wc-products elementor-widget elementor-widget-woocommerce-products\" data-id=\"6f061c7\" data-element_type=\"widget\" data-e-type=\"widget\" data-widget_type=\"woocommerce-products.default\">\n\t\t\t\t<div class=\"elementor-widget-container\">\n\t\t\t\t\t<div class=\"woocommerce columns-4 \"><ul class=\"products elementor-grid columns-4\">\n<li class=\"product type-product post-4343 status-publish first instock product_cat-33-gramm product_cat-anti-geruch-gele has-post-thumbnail taxable shipping-taxable purchasable product-type-simple\">\n\t<a href=\"https:\/\/biodorcontrol.es\/shop\/de\/produkt\/biopulcher-cnb-neutral\/\" class=\"woocommerce-LoopProduct-link woocommerce-loop-product__link\"><img decoding=\"async\" width=\"300\" height=\"300\" src=\"https:\/\/biodorcontrol.es\/shop\/wp-content\/uploads\/2024\/02\/Biodor-control-cnb-neutro-ES-2-300x300.jpg\" class=\"attachment-woocommerce_thumbnail size-woocommerce_thumbnail\" alt=\"Biopulcher CNB Neutral\" srcset=\"https:\/\/biodorcontrol.es\/shop\/wp-content\/uploads\/2024\/02\/Biodor-control-cnb-neutro-ES-2-300x300.jpg 300w, https:\/\/biodorcontrol.es\/shop\/wp-content\/uploads\/2024\/02\/Biodor-control-cnb-neutro-ES-2-150x150.jpg 150w, https:\/\/biodorcontrol.es\/shop\/wp-content\/uploads\/2024\/02\/Biodor-control-cnb-neutro-ES-2-768x768.jpg 768w, https:\/\/biodorcontrol.es\/shop\/wp-content\/uploads\/2024\/02\/Biodor-control-cnb-neutro-ES-2-600x600.jpg 600w, https:\/\/biodorcontrol.es\/shop\/wp-content\/uploads\/2024\/02\/Biodor-control-cnb-neutro-ES-2-100x100.jpg 100w, https:\/\/biodorcontrol.es\/shop\/wp-content\/uploads\/2024\/02\/Biodor-control-cnb-neutro-ES-2.jpg 800w\" sizes=\"(max-width: 300px) 100vw, 300px\" \/><h2 class=\"woocommerce-loop-product__title\">Biopulcher CNB Neutral<\/h2>\n\t<span class=\"price\"><span class=\"woocommerce-Price-amount amount\"><bdi>14,98&nbsp;<span class=\"woocommerce-Price-currencySymbol\">&euro;<\/span><\/bdi><\/span><\/span>\n<\/a><a href=\"\/shop\/de\/wp-json\/wp\/v2\/pages\/4124?add-to-cart=4343\" aria-describedby=\"woocommerce_loop_add_to_cart_link_describedby_4343\" data-quantity=\"1\" class=\"button product_type_simple add_to_cart_button ajax_add_to_cart\" data-product_id=\"4343\" data-product_sku=\"\" aria-label=\"In den Warenkorb legen: \u201eBiopulcher CNB Neutral\u201c\" rel=\"nofollow\" data-success_message=\"\u201eBiopulcher CNB Neutral\u201c wurde deinem Warenkorb hinzugef\u00fcgt\">In den Warenkorb<\/a>\t<span id=\"woocommerce_loop_add_to_cart_link_describedby_4343\" class=\"screen-reader-text\">\n\t\t\t<\/span>\n<\/li>\n<li class=\"product type-product post-4364 status-publish instock product_cat-33-gramm product_cat-anti-geruch-gele has-post-thumbnail taxable shipping-taxable purchasable product-type-simple\">\n\t<a href=\"https:\/\/biodorcontrol.es\/shop\/de\/produkt\/biopulcher-cnb-eukalyptus\/\" class=\"woocommerce-LoopProduct-link woocommerce-loop-product__link\"><img decoding=\"async\" width=\"300\" height=\"300\" src=\"https:\/\/biodorcontrol.es\/shop\/wp-content\/uploads\/2024\/02\/Biodor-control-cnb-eucalipto-ES-2-300x300.jpg\" class=\"attachment-woocommerce_thumbnail size-woocommerce_thumbnail\" alt=\"Biopulcher CNB Eukalyptus\" srcset=\"https:\/\/biodorcontrol.es\/shop\/wp-content\/uploads\/2024\/02\/Biodor-control-cnb-eucalipto-ES-2-300x300.jpg 300w, https:\/\/biodorcontrol.es\/shop\/wp-content\/uploads\/2024\/02\/Biodor-control-cnb-eucalipto-ES-2-150x150.jpg 150w, https:\/\/biodorcontrol.es\/shop\/wp-content\/uploads\/2024\/02\/Biodor-control-cnb-eucalipto-ES-2-768x768.jpg 768w, https:\/\/biodorcontrol.es\/shop\/wp-content\/uploads\/2024\/02\/Biodor-control-cnb-eucalipto-ES-2-600x600.jpg 600w, https:\/\/biodorcontrol.es\/shop\/wp-content\/uploads\/2024\/02\/Biodor-control-cnb-eucalipto-ES-2-100x100.jpg 100w, https:\/\/biodorcontrol.es\/shop\/wp-content\/uploads\/2024\/02\/Biodor-control-cnb-eucalipto-ES-2.jpg 800w\" sizes=\"(max-width: 300px) 100vw, 300px\" \/><h2 class=\"woocommerce-loop-product__title\">Biopulcher CNB Eukalyptus<\/h2>\n\t<span class=\"price\"><span class=\"woocommerce-Price-amount amount\"><bdi>14,98&nbsp;<span class=\"woocommerce-Price-currencySymbol\">&euro;<\/span><\/bdi><\/span><\/span>\n<\/a><a href=\"\/shop\/de\/wp-json\/wp\/v2\/pages\/4124?add-to-cart=4364\" aria-describedby=\"woocommerce_loop_add_to_cart_link_describedby_4364\" data-quantity=\"1\" class=\"button product_type_simple add_to_cart_button ajax_add_to_cart\" data-product_id=\"4364\" data-product_sku=\"\" aria-label=\"In den Warenkorb legen: \u201eBiopulcher CNB Eukalyptus\u201c\" rel=\"nofollow\" data-success_message=\"\u201eBiopulcher CNB Eukalyptus\u201c wurde deinem Warenkorb hinzugef\u00fcgt\">In den Warenkorb<\/a>\t<span id=\"woocommerce_loop_add_to_cart_link_describedby_4364\" class=\"screen-reader-text\">\n\t\t\t<\/span>\n<\/li>\n<li class=\"product type-product post-4463 status-publish instock product_cat-33-gramm product_cat-anti-geruch-gele has-post-thumbnail sale taxable shipping-taxable purchasable product-type-simple\">\n\t<a href=\"https:\/\/biodorcontrol.es\/shop\/de\/produkt\/cnb-neutral-eukalyptus-33gr\/\" class=\"woocommerce-LoopProduct-link woocommerce-loop-product__link\">\n\t<span class=\"onsale\">Angebot!<\/span>\n\t<img loading=\"lazy\" decoding=\"async\" width=\"300\" height=\"300\" src=\"https:\/\/biodorcontrol.es\/shop\/wp-content\/uploads\/2024\/07\/home-en-5-2-300x300.jpeg\" class=\"attachment-woocommerce_thumbnail size-woocommerce_thumbnail\" alt=\"CNB Neutral + Eukalyptus 33gr\" srcset=\"https:\/\/biodorcontrol.es\/shop\/wp-content\/uploads\/2024\/07\/home-en-5-2-300x300.jpeg 300w, https:\/\/biodorcontrol.es\/shop\/wp-content\/uploads\/2024\/07\/home-en-5-2-150x150.jpeg 150w, https:\/\/biodorcontrol.es\/shop\/wp-content\/uploads\/2024\/07\/home-en-5-2-768x768.jpeg 768w, https:\/\/biodorcontrol.es\/shop\/wp-content\/uploads\/2024\/07\/home-en-5-2-600x600.jpeg 600w, https:\/\/biodorcontrol.es\/shop\/wp-content\/uploads\/2024\/07\/home-en-5-2-100x100.jpeg 100w, https:\/\/biodorcontrol.es\/shop\/wp-content\/uploads\/2024\/07\/home-en-5-2.jpeg 800w\" sizes=\"(max-width: 300px) 100vw, 300px\" \/><h2 class=\"woocommerce-loop-product__title\">CNB Neutral + Eukalyptus 33gr<\/h2>\n\t<span class=\"price\"><del aria-hidden=\"true\"><span class=\"woocommerce-Price-amount amount\"><bdi>29,96&nbsp;<span class=\"woocommerce-Price-currencySymbol\">&euro;<\/span><\/bdi><\/span><\/del> <span class=\"screen-reader-text\">Urspr\u00fcnglicher Preis war: 29,96&nbsp;&euro;<\/span><ins aria-hidden=\"true\"><span class=\"woocommerce-Price-amount amount\"><bdi>23,97&nbsp;<span class=\"woocommerce-Price-currencySymbol\">&euro;<\/span><\/bdi><\/span><\/ins><span class=\"screen-reader-text\">Aktueller Preis ist: 23,97&nbsp;&euro;.<\/span><\/span>\n<\/a><a href=\"\/shop\/de\/wp-json\/wp\/v2\/pages\/4124?add-to-cart=4463\" aria-describedby=\"woocommerce_loop_add_to_cart_link_describedby_4463\" data-quantity=\"1\" class=\"button product_type_simple add_to_cart_button ajax_add_to_cart\" data-product_id=\"4463\" data-product_sku=\"\" aria-label=\"In den Warenkorb legen: \u201eCNB Neutral + Eukalyptus 33gr\u201c\" rel=\"nofollow\" data-success_message=\"\u201eCNB Neutral + Eukalyptus 33gr\u201c wurde deinem Warenkorb hinzugef\u00fcgt\">In den Warenkorb<\/a>\t<span id=\"woocommerce_loop_add_to_cart_link_describedby_4463\" class=\"screen-reader-text\">\n\t\t\t<\/span>\n<\/li>\n<li class=\"product type-product post-4432 status-publish last instock product_cat-200-gramms product_cat-anti-geruch-gele has-post-thumbnail taxable shipping-taxable purchasable product-type-simple\">\n\t<a href=\"https:\/\/biodorcontrol.es\/shop\/de\/produkt\/biopulcher-cnb-eucalipto-200g\/\" class=\"woocommerce-LoopProduct-link woocommerce-loop-product__link\"><img loading=\"lazy\" decoding=\"async\" width=\"300\" height=\"300\" src=\"https:\/\/biodorcontrol.es\/shop\/wp-content\/uploads\/2024\/02\/Biodor-control-cnb-200-ES-eucalipto-300x300.jpg\" class=\"attachment-woocommerce_thumbnail size-woocommerce_thumbnail\" alt=\"Biopulcher CNB Eucalipto 200g\" srcset=\"https:\/\/biodorcontrol.es\/shop\/wp-content\/uploads\/2024\/02\/Biodor-control-cnb-200-ES-eucalipto-300x300.jpg 300w, https:\/\/biodorcontrol.es\/shop\/wp-content\/uploads\/2024\/02\/Biodor-control-cnb-200-ES-eucalipto-150x150.jpg 150w, https:\/\/biodorcontrol.es\/shop\/wp-content\/uploads\/2024\/02\/Biodor-control-cnb-200-ES-eucalipto-768x768.jpg 768w, https:\/\/biodorcontrol.es\/shop\/wp-content\/uploads\/2024\/02\/Biodor-control-cnb-200-ES-eucalipto-600x600.jpg 600w, https:\/\/biodorcontrol.es\/shop\/wp-content\/uploads\/2024\/02\/Biodor-control-cnb-200-ES-eucalipto-100x100.jpg 100w, https:\/\/biodorcontrol.es\/shop\/wp-content\/uploads\/2024\/02\/Biodor-control-cnb-200-ES-eucalipto.jpg 800w\" sizes=\"(max-width: 300px) 100vw, 300px\" \/><h2 class=\"woocommerce-loop-product__title\">Biopulcher CNB Eucalipto 200g<\/h2>\n\t<span class=\"price\"><span class=\"woocommerce-Price-amount amount\"><bdi>39,89&nbsp;<span class=\"woocommerce-Price-currencySymbol\">&euro;<\/span><\/bdi><\/span><\/span>\n<\/a><a href=\"\/shop\/de\/wp-json\/wp\/v2\/pages\/4124?add-to-cart=4432\" aria-describedby=\"woocommerce_loop_add_to_cart_link_describedby_4432\" data-quantity=\"1\" class=\"button product_type_simple add_to_cart_button ajax_add_to_cart\" data-product_id=\"4432\" data-product_sku=\"\" aria-label=\"In den Warenkorb legen: \u201eBiopulcher CNB Eucalipto 200g\u201c\" rel=\"nofollow\" data-success_message=\"\u201eBiopulcher CNB Eucalipto 200g\u201c wurde deinem Warenkorb hinzugef\u00fcgt\">In den Warenkorb<\/a>\t<span id=\"woocommerce_loop_add_to_cart_link_describedby_4432\" class=\"screen-reader-text\">\n\t\t\t<\/span>\n<\/li>\n<li class=\"product type-product post-4412 status-publish first instock product_cat-200-gramms product_cat-anti-geruch-gele has-post-thumbnail taxable shipping-taxable purchasable product-type-simple\">\n\t<a href=\"https:\/\/biodorcontrol.es\/shop\/de\/produkt\/biopulcher-cnb-neutral-200gr\/\" class=\"woocommerce-LoopProduct-link woocommerce-loop-product__link\"><img loading=\"lazy\" decoding=\"async\" width=\"300\" height=\"300\" src=\"https:\/\/biodorcontrol.es\/shop\/wp-content\/uploads\/2024\/02\/Biodor-control-cnb-200-ES-neutro-300x300.jpg\" class=\"attachment-woocommerce_thumbnail size-woocommerce_thumbnail\" alt=\"Biopulcher CNB Neutral 200gr\" srcset=\"https:\/\/biodorcontrol.es\/shop\/wp-content\/uploads\/2024\/02\/Biodor-control-cnb-200-ES-neutro-300x300.jpg 300w, https:\/\/biodorcontrol.es\/shop\/wp-content\/uploads\/2024\/02\/Biodor-control-cnb-200-ES-neutro-150x150.jpg 150w, https:\/\/biodorcontrol.es\/shop\/wp-content\/uploads\/2024\/02\/Biodor-control-cnb-200-ES-neutro-768x768.jpg 768w, https:\/\/biodorcontrol.es\/shop\/wp-content\/uploads\/2024\/02\/Biodor-control-cnb-200-ES-neutro-600x600.jpg 600w, https:\/\/biodorcontrol.es\/shop\/wp-content\/uploads\/2024\/02\/Biodor-control-cnb-200-ES-neutro-100x100.jpg 100w, https:\/\/biodorcontrol.es\/shop\/wp-content\/uploads\/2024\/02\/Biodor-control-cnb-200-ES-neutro.jpg 800w\" sizes=\"(max-width: 300px) 100vw, 300px\" \/><h2 class=\"woocommerce-loop-product__title\">Biopulcher CNB Neutral 200gr<\/h2>\n\t<span class=\"price\"><span class=\"woocommerce-Price-amount amount\"><bdi>39,89&nbsp;<span class=\"woocommerce-Price-currencySymbol\">&euro;<\/span><\/bdi><\/span><\/span>\n<\/a><a href=\"\/shop\/de\/wp-json\/wp\/v2\/pages\/4124?add-to-cart=4412\" aria-describedby=\"woocommerce_loop_add_to_cart_link_describedby_4412\" data-quantity=\"1\" class=\"button product_type_simple add_to_cart_button ajax_add_to_cart\" data-product_id=\"4412\" data-product_sku=\"\" aria-label=\"In den Warenkorb legen: \u201eBiopulcher CNB Neutral 200gr\u201c\" rel=\"nofollow\" data-success_message=\"\u201eBiopulcher CNB Neutral 200gr\u201c wurde deinem Warenkorb hinzugef\u00fcgt\">In den Warenkorb<\/a>\t<span id=\"woocommerce_loop_add_to_cart_link_describedby_4412\" class=\"screen-reader-text\">\n\t\t\t<\/span>\n<\/li>\n<li class=\"product type-product post-4420 status-publish instock product_cat-800-gramms product_cat-anti-geruch-gele has-post-thumbnail taxable shipping-taxable purchasable product-type-simple\">\n\t<a href=\"https:\/\/biodorcontrol.es\/shop\/de\/produkt\/biopulcher-cnb-eucalipto-800gr\/\" class=\"woocommerce-LoopProduct-link woocommerce-loop-product__link\"><img loading=\"lazy\" decoding=\"async\" width=\"300\" height=\"300\" src=\"https:\/\/biodorcontrol.es\/shop\/wp-content\/uploads\/2024\/02\/Biodor-control-cnb-800-ES-EUCA-300x300.jpg\" class=\"attachment-woocommerce_thumbnail size-woocommerce_thumbnail\" alt=\"Biopulcher CNB Eucalipto 800gr\" srcset=\"https:\/\/biodorcontrol.es\/shop\/wp-content\/uploads\/2024\/02\/Biodor-control-cnb-800-ES-EUCA-300x300.jpg 300w, https:\/\/biodorcontrol.es\/shop\/wp-content\/uploads\/2024\/02\/Biodor-control-cnb-800-ES-EUCA-150x150.jpg 150w, https:\/\/biodorcontrol.es\/shop\/wp-content\/uploads\/2024\/02\/Biodor-control-cnb-800-ES-EUCA-768x768.jpg 768w, https:\/\/biodorcontrol.es\/shop\/wp-content\/uploads\/2024\/02\/Biodor-control-cnb-800-ES-EUCA-600x600.jpg 600w, https:\/\/biodorcontrol.es\/shop\/wp-content\/uploads\/2024\/02\/Biodor-control-cnb-800-ES-EUCA-100x100.jpg 100w, https:\/\/biodorcontrol.es\/shop\/wp-content\/uploads\/2024\/02\/Biodor-control-cnb-800-ES-EUCA.jpg 800w\" sizes=\"(max-width: 300px) 100vw, 300px\" \/><h2 class=\"woocommerce-loop-product__title\">Biopulcher CNB Eucalipto 800gr<\/h2>\n\t<span class=\"price\"><span class=\"woocommerce-Price-amount amount\"><bdi>129,45&nbsp;<span class=\"woocommerce-Price-currencySymbol\">&euro;<\/span><\/bdi><\/span><\/span>\n<\/a><a href=\"\/shop\/de\/wp-json\/wp\/v2\/pages\/4124?add-to-cart=4420\" aria-describedby=\"woocommerce_loop_add_to_cart_link_describedby_4420\" data-quantity=\"1\" class=\"button product_type_simple add_to_cart_button ajax_add_to_cart\" data-product_id=\"4420\" data-product_sku=\"\" aria-label=\"In den Warenkorb legen: \u201eBiopulcher CNB Eucalipto 800gr\u201c\" rel=\"nofollow\" data-success_message=\"\u201eBiopulcher CNB Eucalipto 800gr\u201c wurde deinem Warenkorb hinzugef\u00fcgt\">In den Warenkorb<\/a>\t<span id=\"woocommerce_loop_add_to_cart_link_describedby_4420\" class=\"screen-reader-text\">\n\t\t\t<\/span>\n<\/li>\n<li class=\"product type-product post-4429 status-publish instock product_cat-800-gramms product_cat-anti-geruch-gele has-post-thumbnail taxable shipping-taxable purchasable product-type-simple\">\n\t<a href=\"https:\/\/biodorcontrol.es\/shop\/de\/produkt\/biopulcher-cnb-neutral-800gr\/\" class=\"woocommerce-LoopProduct-link woocommerce-loop-product__link\"><img loading=\"lazy\" decoding=\"async\" width=\"300\" height=\"300\" src=\"https:\/\/biodorcontrol.es\/shop\/wp-content\/uploads\/2024\/02\/Biodor-control-cnb-800-ES-neutro-300x300.jpg\" class=\"attachment-woocommerce_thumbnail size-woocommerce_thumbnail\" alt=\"Biopulcher CNB Neutral 800gr\" srcset=\"https:\/\/biodorcontrol.es\/shop\/wp-content\/uploads\/2024\/02\/Biodor-control-cnb-800-ES-neutro-300x300.jpg 300w, https:\/\/biodorcontrol.es\/shop\/wp-content\/uploads\/2024\/02\/Biodor-control-cnb-800-ES-neutro-150x150.jpg 150w, https:\/\/biodorcontrol.es\/shop\/wp-content\/uploads\/2024\/02\/Biodor-control-cnb-800-ES-neutro-768x768.jpg 768w, https:\/\/biodorcontrol.es\/shop\/wp-content\/uploads\/2024\/02\/Biodor-control-cnb-800-ES-neutro-600x600.jpg 600w, https:\/\/biodorcontrol.es\/shop\/wp-content\/uploads\/2024\/02\/Biodor-control-cnb-800-ES-neutro-100x100.jpg 100w, https:\/\/biodorcontrol.es\/shop\/wp-content\/uploads\/2024\/02\/Biodor-control-cnb-800-ES-neutro.jpg 800w\" sizes=\"(max-width: 300px) 100vw, 300px\" \/><h2 class=\"woocommerce-loop-product__title\">Biopulcher CNB Neutral 800gr<\/h2>\n\t<span class=\"price\"><span class=\"woocommerce-Price-amount amount\"><bdi>129,45&nbsp;<span class=\"woocommerce-Price-currencySymbol\">&euro;<\/span><\/bdi><\/span><\/span>\n<\/a><a href=\"\/shop\/de\/wp-json\/wp\/v2\/pages\/4124?add-to-cart=4429\" aria-describedby=\"woocommerce_loop_add_to_cart_link_describedby_4429\" data-quantity=\"1\" class=\"button product_type_simple add_to_cart_button ajax_add_to_cart\" data-product_id=\"4429\" data-product_sku=\"\" aria-label=\"In den Warenkorb legen: \u201eBiopulcher CNB Neutral 800gr\u201c\" rel=\"nofollow\" data-success_message=\"\u201eBiopulcher CNB Neutral 800gr\u201c wurde deinem Warenkorb hinzugef\u00fcgt\">In den Warenkorb<\/a>\t<span id=\"woocommerce_loop_add_to_cart_link_describedby_4429\" class=\"screen-reader-text\">\n\t\t\t<\/span>\n<\/li>\n<\/ul>\n<\/div>\t\t\t\t<\/div>\n\t\t\t\t<\/div>\n\t\t\t\t\t<\/div>\n\t\t<\/div>\n\t\t\t\t\t<\/div>\n\t\t<\/section>\n\t\t\t\t<\/div>\n\t\t","protected":false},"excerpt":{"rendered":"<p>Biopulcher CNB Biopulcher CNB ist ein Gel, das speziell f\u00fcr die Beseitigung intensiver Ger\u00fcche in geschlossenen R\u00e4umen entwickelt wurde. Es sorgt \u00fcber Wochen hinweg f\u00fcr eine saubere und frische Atmosph\u00e4re.Es \u00fcberdeckt Ger\u00fcche nicht, sondern beseitigt sie an der Wurzel \u2013 dank seiner einzigartigen Formel, die kontinuierlich wirkt. Erh\u00e4ltlich in zwei Ausf\u00fchrungen:Neutral \u2013 ideal f\u00fcr alle, [&hellip;]<\/p>\n","protected":false},"author":1,"featured_media":4121,"parent":0,"menu_order":0,"comment_status":"closed","ping_status":"closed","template":"","meta":{"_seopress_robots_primary_cat":"","_seopress_titles_title":"Biodor Control CNB & Biopulcher CNB | Professionelle Geruchsneutralisierung","_seopress_titles_desc":"Biopulcher CNB wurde speziell f\u00fcr die Tabakindustrie und den medizinischen Cannabis-Sektor entwickelt. Es beseitigt Ger\u00fcche vollst\u00e4ndig, anstatt sie nur zu \u00fcberdecken. ","_seopress_robots_index":"","footnotes":""},"class_list":["post-4124","page","type-page","status-publish","has-post-thumbnail","hentry"],"_links":{"self":[{"href":"https:\/\/biodorcontrol.es\/shop\/de\/wp-json\/wp\/v2\/pages\/4124","targetHints":{"allow":["GET"]}}],"collection":[{"href":"https:\/\/biodorcontrol.es\/shop\/de\/wp-json\/wp\/v2\/pages"}],"about":[{"href":"https:\/\/biodorcontrol.es\/shop\/de\/wp-json\/wp\/v2\/types\/page"}],"author":[{"embeddable":true,"href":"https:\/\/biodorcontrol.es\/shop\/de\/wp-json\/wp\/v2\/users\/1"}],"replies":[{"embeddable":true,"href":"https:\/\/biodorcontrol.es\/shop\/de\/wp-json\/wp\/v2\/comments?post=4124"}],"version-history":[{"count":1,"href":"https:\/\/biodorcontrol.es\/shop\/de\/wp-json\/wp\/v2\/pages\/4124\/revisions"}],"predecessor-version":[{"id":4126,"href":"https:\/\/biodorcontrol.es\/shop\/de\/wp-json\/wp\/v2\/pages\/4124\/revisions\/4126"}],"wp:featuredmedia":[{"embeddable":true,"href":"https:\/\/biodorcontrol.es\/shop\/de\/wp-json\/wp\/v2\/media\/4121"}],"wp:attachment":[{"href":"https:\/\/biodorcontrol.es\/shop\/de\/wp-json\/wp\/v2\/media?parent=4124"}],"curies":[{"name":"wp","href":"https:\/\/api.w.org\/{rel}","templated":true}]}}