{"id":4178,"date":"2024-06-28T08:36:10","date_gmt":"2024-06-28T06:36:10","guid":{"rendered":"https:\/\/biodorcontrol.es\/shop\/datenschutzerklaerung\/"},"modified":"2025-12-18T12:12:57","modified_gmt":"2025-12-18T11:12:57","slug":"datenschutzerklaerung","status":"publish","type":"page","link":"https:\/\/biodorcontrol.es\/shop\/de\/datenschutzerklaerung\/","title":{"rendered":"Datenschutzerkl\u00e4rung"},"content":{"rendered":"\t\t<div data-elementor-type=\"wp-page\" data-elementor-id=\"4178\" class=\"elementor elementor-4178 elementor-1312\" data-elementor-post-type=\"page\">\n\t\t\t\t\t\t<section class=\"elementor-section elementor-top-section elementor-element elementor-element-aad13a6 elementor-section-full_width careta-producto elementor-section-height-default elementor-section-height-default elementor-invisible\" data-id=\"aad13a6\" data-element_type=\"section\" data-e-type=\"section\" data-settings=\"{&quot;background_background&quot;:&quot;classic&quot;,&quot;animation&quot;:&quot;fadeIn&quot;}\">\n\t\t\t\t\t\t\t<div class=\"elementor-background-overlay\"><\/div>\n\t\t\t\t\t\t\t<div class=\"elementor-container elementor-column-gap-no\">\n\t\t\t\t\t<div class=\"elementor-column elementor-col-100 elementor-top-column elementor-element elementor-element-d5e1eba\" data-id=\"d5e1eba\" data-element_type=\"column\" data-e-type=\"column\">\n\t\t\t<div class=\"elementor-widget-wrap elementor-element-populated\">\n\t\t\t\t\t\t<div class=\"elementor-element elementor-element-9f232fc elementor-widget elementor-widget-heading\" data-id=\"9f232fc\" data-element_type=\"widget\" data-e-type=\"widget\" data-widget_type=\"heading.default\">\n\t\t\t\t<div class=\"elementor-widget-container\">\n\t\t\t\t\t<h1 class=\"elementor-heading-title elementor-size-default\">Datenschutzerkl\u00e4rung<\/h1>\t\t\t\t<\/div>\n\t\t\t\t<\/div>\n\t\t\t\t<div class=\"elementor-element elementor-element-ff76eb6 elementor-widget-divider--view-line elementor-widget elementor-widget-divider\" data-id=\"ff76eb6\" data-element_type=\"widget\" data-e-type=\"widget\" data-widget_type=\"divider.default\">\n\t\t\t\t<div class=\"elementor-widget-container\">\n\t\t\t\t\t\t\t<div class=\"elementor-divider\">\n\t\t\t<span class=\"elementor-divider-separator\">\n\t\t\t\t\t\t<\/span>\n\t\t<\/div>\n\t\t\t\t\t\t<\/div>\n\t\t\t\t<\/div>\n\t\t\t\t\t<\/div>\n\t\t<\/div>\n\t\t\t\t\t<\/div>\n\t\t<\/section>\n\t\t<div class=\"elementor-element elementor-element-7cb00bfc e-flex e-con-boxed e-con e-parent\" data-id=\"7cb00bfc\" data-element_type=\"container\" data-e-type=\"container\">\n\t\t\t\t\t<div class=\"e-con-inner\">\n\t\t\t\t<div class=\"elementor-element elementor-element-55bcaa34 elementor-widget elementor-widget-text-editor\" data-id=\"55bcaa34\" data-element_type=\"widget\" data-e-type=\"widget\" data-widget_type=\"text-editor.default\">\n\t\t\t\t<div class=\"elementor-widget-container\">\n\t\t\t\t\t\t\t\t\t<header class=\"text-center\"><h5>I. DATENSCHUTZERKL\u00c4RUNG UND DATENSCHUTZ<\/h5><\/header><div><p>Unter Einhaltung der geltenden Gesetzgebung verpflichtet sich Biodor Control, Eigentum von Biopulcher SL (im Folgenden auch Website), die erforderlichen technischen und organisatorischen Ma\u00dfnahmen zu ergreifen, die dem Sicherheitsniveau f\u00fcr das Risiko der erhobenen Daten entsprechen.<\/p><h4>In diese Datenschutzerkl\u00e4rung einbezogene Gesetze<\/h4><p>Diese Datenschutzerkl\u00e4rung ist an die geltenden spanischen und europ\u00e4ischen Vorschriften zum Schutz personenbezogener Daten im Internet angepasst. Insbesondere werden die folgenden Normen eingehalten: <\/p><ul><li>Die Verordnung (EU) 2016\/679 des Europ\u00e4ischen Parlaments und des Rates vom 27. April 2016 zum Schutz nat\u00fcrlicher Personen bei der Verarbeitung personenbezogener Daten, zum freien Datenverkehr und zur Aufhebung der Richtlinie 95\/46\/EG (Datenschutz-Grundverordnung, DSGVO).<\/li><li>Das Organische Gesetz 3\/2018 vom 5. Dezember \u00fcber den Schutz personenbezogener Daten und die Gew\u00e4hrleistung digitaler Rechte (LOPD-GDD).<\/li><li>K\u00f6nigliches Dekret 1720\/2007 vom 21. Dezember, mit dem die Durchf\u00fchrungsverordnung zum Organischen Gesetz 15\/1999 vom 13. Dezember \u00fcber den Schutz personenbezogener Daten (RDLOPD) genehmigt wird.<\/li><li>Das Gesetz 34\/2002 vom 11. Juli \u00fcber Dienste der Informationsgesellschaft und den elektronischen Gesch\u00e4ftsverkehr (LSSI-CE).<\/li><\/ul><h4>Identit\u00e4t des Verantwortlichen f\u00fcr die Verarbeitung personenbezogener Daten<\/h4><p>FIRMENNAME: BIOPULCHER SL<\/p><p>STEUERNUMMER (NIF): B65086126<\/p><p>DOMAIN: https:\/\/www.biopulcher.com<\/p><p>POSTANSCHRIFT: JOAN DE LA CIERVA, 10 &#8211; B, 08339 VILASSAR DE DALT (BARCELONA)<\/p><p>E-MAIL-ADRESSE: produccion@biopulcher.com<\/p><p>TELEFONNUMMERN: 931765043<\/p><p>REGISTRIERNUMMER \/ ZUS\u00c4TZLICHE DATEN: Band: 41175 Blatt: 81 Seite: B-381596<\/p><h4>Register personenbezogener Daten<\/h4><p>In \u00dcbereinstimmung mit den Bestimmungen der DSGVO und des LOPD-GDD informieren wir Sie dar\u00fcber, dass die von Biopulcher SL \u00fcber die auf ihren Seiten bereitgestellten Formulare erhobenen personenbezogenen Daten in unsere Datei aufgenommen und verarbeitet werden, um die zwischen Biopulcher SL und dem Nutzer vereinbarten Verpflichtungen zu erleichtern, zu beschleunigen und zu erf\u00fcllen oder um die in den vom Nutzer ausgef\u00fcllten Formularen festgelegte Beziehung aufrechtzuerhalten oder um eine Anfrage oder Anfrage desselben zu bearbeiten. Ebenso wird gem\u00e4\u00df den Bestimmungen der DSGVO und des LOPD-GDD, sofern nicht die in Artikel 30.5 der DSGVO vorgesehene Ausnahme gilt, ein Verzeichnis von Verarbeitungst\u00e4tigkeiten gef\u00fchrt, in dem je nach Zweck die durchgef\u00fchrten Verarbeitungst\u00e4tigkeiten und die sonstigen in der DSGVO festgelegten Umst\u00e4nde aufgef\u00fchrt sind. <\/p><h4>Grunds\u00e4tze f\u00fcr die Verarbeitung personenbezogener Daten<\/h4><p>Die Verarbeitung der personenbezogenen Daten des Nutzers unterliegt den folgenden Grunds\u00e4tzen, die in Artikel 5 der DSGVO sowie in Artikel 4 ff. des Organischen Gesetzes 3\/2018 vom 5. Dezember \u00fcber den Schutz personenbezogener Daten und die Gew\u00e4hrleistung digitaler Rechte verankert sind:<\/p><ul><li>Grundsatz der Rechtm\u00e4\u00dfigkeit, Verarbeitung nach Treu und Glauben und Transparenz: Die Einwilligung des Nutzers ist jederzeit erforderlich, nachdem er zuvor vollst\u00e4ndig und transparent \u00fcber die Zwecke informiert wurde, f\u00fcr die die personenbezogenen Daten erhoben werden.<\/li><li>Grundsatz der Zweckbindung: Die personenbezogenen Daten werden f\u00fcr festgelegte, eindeutige und rechtm\u00e4\u00dfige Zwecke erhoben.<\/li><li>Grundsatz der Datenminimierung: Die erhobenen personenbezogenen Daten m\u00fcssen auf das f\u00fcr die Zwecke der Verarbeitung notwendige Ma\u00df beschr\u00e4nkt sein.<\/li><li>Grundsatz der Richtigkeit: Die personenbezogenen Daten m\u00fcssen sachlich richtig und erforderlichenfalls auf dem neuesten Stand sein.<br><\/li><li>Grundsatz der Speicherbegrenzung: Die personenbezogenen Daten m\u00fcssen in einer Form gespeichert werden, die die Identifizierung der betroffenen Personen nur so lange erm\u00f6glicht, wie es f\u00fcr die Zwecke, f\u00fcr die sie verarbeitet werden, erforderlich ist.<\/li><li>Grundsatz der Integrit\u00e4t und Vertraulichkeit: Die personenbezogenen Daten werden in einer Weise verarbeitet, die ihre Sicherheit und Vertraulichkeit gew\u00e4hrleistet.<\/li><li>Grundsatz der rechenschaftspflicht: Der Verantwortliche ist daf\u00fcr verantwortlich, sicherzustellen, dass die vorstehenden Grunds\u00e4tze eingehalten werden.<\/li><\/ul><h4>Kategorien personenbezogener Daten<\/h4><p class=\"\">Die bei Biopulcher SL verarbeiteten Datenkategorien sind ausschlie\u00dflich Identifikationsdaten. In keinem Fall werden besondere Kategorien personenbezogener Daten im Sinne des Artikels 9 der DSGVO verarbeitet. <\/p><h4>Rechtsgrundlage f\u00fcr die Verarbeitung personenbezogener Daten<\/h4><p>Die Rechtsgrundlage f\u00fcr die Verarbeitung personenbezogener Daten ist die Einwilligung. Biopulcher SL verpflichtet sich, die ausdr\u00fcckliche und nachweisbare Einwilligung des Nutzers f\u00fcr die Verarbeitung seiner personenbezogenen Daten f\u00fcr einen oder mehrere bestimmte Zwecke einzuholen. <\/p><p>Der Nutzer hat das Recht, seine Einwilligung jederzeit zu widerrufen. Der Widerruf der Einwilligung muss so einfach wie die Erteilung der Einwilligung sein. Als allgemeine Regel gilt, dass der Widerruf der Einwilligung die Nutzung der Website nicht einschr\u00e4nkt.  <\/p><p>In den F\u00e4llen, in denen der Nutzer seine Daten \u00fcber Formulare zur Durchf\u00fchrung von Anfragen, zur Anforderung von Informationen oder aus Gr\u00fcnden im Zusammenhang mit dem Inhalt der Website angeben muss oder kann, wird er dar\u00fcber informiert, falls das Ausf\u00fcllen eines dieser Formulare obligatorisch ist, da diese f\u00fcr die ordnungsgem\u00e4\u00dfe Abwicklung des durchgef\u00fchrten Vorgangs unerl\u00e4sslich sind.<\/p><h4>Zwecke der Verarbeitung, f\u00fcr die die personenbezogenen Daten bestimmt sind<\/h4><p>Die personenbezogenen Daten werden von Biopulcher SL zu dem Zweck erhoben und verwaltet, die zwischen der Website und dem Nutzer vereinbarten Verpflichtungen zu erleichtern, zu beschleunigen und zu erf\u00fcllen, oder um die Beziehung aufrechtzuerhalten, die in den vom Nutzer ausgef\u00fcllten Formularen festgelegt wird, oder um eine Anfrage oder Abfrage zu bearbeiten.<\/p><p>Ebenso k\u00f6nnen die Daten zu kommerziellen Zwecken der Personalisierung, f\u00fcr operative und statistische Zwecke sowie f\u00fcr T\u00e4tigkeiten, die dem Gesellschaftszweck von Biopulcher SL entsprechen, verwendet werden, ebenso wie f\u00fcr die Gewinnung und Speicherung von Daten und Marketingstudien, um die dem Nutzer angebotenen Inhalte anzupassen sowie die Qualit\u00e4t, das Funktionieren und die Navigation auf der Website zu verbessern.<\/p><p>Zum Zeitpunkt der Erhebung der personenbezogenen Daten wird der Nutzer \u00fcber den spezifischen Zweck oder die spezifischen Zwecke der Verarbeitung informiert, f\u00fcr die die personenbezogenen Daten bestimmt sind; das hei\u00dft, \u00fcber die Verwendung oder die Verwendungen, die f\u00fcr die erhobenen Informationen vorgesehen sind.<\/p><h4>Speicherfristen f\u00fcr personenbezogene Daten<\/h4><p>Die personenbezogenen Daten werden nur so lange aufbewahrt, wie es f\u00fcr die Zwecke ihrer Verarbeitung unbedingt erforderlich ist, und in jedem Fall nur f\u00fcr den folgenden Zeitraum: 48 Monate oder bis der Nutzer deren L\u00f6schung verlangt.<\/p><p>Zum Zeitpunkt der Erhebung der personenbezogenen Daten wird der Nutzer \u00fcber die Dauer, f\u00fcr die die personenbezogenen Daten gespeichert werden, oder, falls dies nicht m\u00f6glich ist, \u00fcber die Kriterien f\u00fcr die Festlegung dieser Dauer informiert.<\/p><h4>Empf\u00e4nger der personenbezogenen Daten<\/h4><p class=\"\">Die personenbezogenen Daten des Nutzers werden nicht an Dritte weitergegeben.<\/p><p class=\"\">In jedem Fall wird der Nutzer zum Zeitpunkt der Erhebung der personenbezogenen Daten \u00fcber die Empf\u00e4nger oder die Kategorien von Empf\u00e4ngern der personenbezogenen Daten informiert.<\/p><h4>Personenbezogene Daten Minderj\u00e4hriger<\/h4><p>Unter Einhaltung der Bestimmungen von Artikel 8 der DSGVO und Artikel 7 des spanischen Organgesetzes (Ley Org\u00e1nica) 3\/2018 vom 5. Dezember \u00fcber den Schutz personenbezogener Daten und die Gew\u00e4hrleistung digitaler Rechte k\u00f6nnen nur Personen \u00fcber 14 Jahre ihre Einwilligung zur rechtm\u00e4\u00dfigen Verarbeitung ihrer personenbezogenen Daten durch Biopulcher SL erteilen. Handelt es sich um einen Minderj\u00e4hrigen unter 14 Jahren, ist die Einwilligung der Eltern oder Erziehungsberechtigten f\u00fcr die Verarbeitung erforderlich, und diese wird nur in dem Ma\u00dfe als rechtm\u00e4\u00dfig angesehen, in dem diese sie autorisiert haben.<br> <\/p><h4>Geheimhaltung und Sicherheit personenbezogener Daten<\/h4><p>Biopulcher SL verpflichtet sich, die erforderlichen technischen und organisatorischen Ma\u00dfnahmen zu ergreifen, die dem Risikoniveau der erhobenen Daten angemessen sind, um die Sicherheit personenbezogener Daten zu gew\u00e4hrleisten und die versehentliche oder unrechtm\u00e4\u00dfige Zerst\u00f6rung, den Verlust oder die Ver\u00e4nderung sowie die unbefugte Weitergabe oder den unbefugten Zugriff auf \u00fcbermittelte, gespeicherte oder auf andere Weise verarbeitete personenbezogene Daten zu verhindern.<\/p><p class=\"\">Die Website verf\u00fcgt \u00fcber ein SSL-Zertifikat (Secure Socket Layer), das sicherstellt, dass personenbezogene Daten sicher und vertraulich \u00fcbertragen werden, da die Daten\u00fcbertragung zwischen dem Server und dem Nutzer sowie umgekehrt vollst\u00e4ndig verschl\u00fcsselt erfolgt.<\/p><p>Da Biopulcher SL jedoch weder die Unangreifbarkeit des Internets noch das vollst\u00e4ndige Fehlen von Hackern oder anderen Personen, die sich auf betr\u00fcgerische Weise Zugang zu personenbezogenen Daten verschaffen, garantieren kann, verpflichtet sich der Verantwortliche, den Nutzer unverz\u00fcglich zu benachrichtigen, wenn eine Verletzung des Schutzes personenbezogener Daten auftritt, die voraussichtlich ein hohes Risiko f\u00fcr die Rechte und Freiheiten nat\u00fcrlicher Personen mit sich bringt. Gem\u00e4\u00df Artikel 4 der DSGVO gilt als Verletzung des Schutzes personenbezogener Daten jede Verletzung der Sicherheit, die zur versehentlichen oder unrechtm\u00e4\u00dfigen Zerst\u00f6rung, zum Verlust, zur Ver\u00e4nderung oder zur unbefugten Weitergabe von oder zum unbefugten Zugriff auf personenbezogene Daten f\u00fchrt, die \u00fcbermittelt, gespeichert oder auf sonstige Weise verarbeitet wurden. <\/p><p>Personenbezogene Daten werden vom Verantwortlichen vertraulich behandelt, der sich verpflichtet, seine Mitarbeiter, Partner und alle Personen, denen er die Informationen zug\u00e4nglich macht, \u00fcber diese Vertraulichkeit zu informieren und durch eine gesetzliche oder vertragliche Verpflichtung sicherzustellen, dass diese gewahrt wird.<\/p><h4>Rechte, die sich aus der Verarbeitung personenbezogener Daten ergeben<\/h4><p>Der Nutzer hat gegen\u00fcber Biopulcher SL die folgenden in der DSGVO und im spanischen Organgesetz 3\/2018 vom 5. Dezember \u00fcber den Schutz personenbezogener Daten und die Gew\u00e4hrleistung digitaler Rechte anerkannten Rechte und kann diese gegen\u00fcber dem Verantwortlichen aus\u00fcben:<\/p><ul><li>Recht auf Auskunft: Dies ist das Recht des Nutzers, eine Best\u00e4tigung dar\u00fcber zu erhalten, ob Biopulcher SL seine personenbezogenen Daten verarbeitet oder nicht, und, falls ja, Auskunft \u00fcber die konkreten personenbezogenen Daten sowie \u00fcber die von Biopulcher SL durchgef\u00fchrten oder durchzuf\u00fchrenden Verarbeitungsvorg\u00e4nge zu erhalten, einschlie\u00dflich \u2013 unter anderem \u2013 der verf\u00fcgbaren Informationen \u00fcber die Herkunft dieser Daten und die Empf\u00e4nger der erfolgten oder geplanten \u00dcbermittlungen.<\/li><li>Recht auf Berichtigung: Dies ist das Recht des Nutzers, die Berichtigung seiner personenbezogenen Daten zu verlangen, wenn diese unrichtig sind oder \u2013 unter Ber\u00fccksichtigung der Zwecke der Verarbeitung \u2013 unvollst\u00e4ndig sind.<\/li><li><i>Recht auf L\u00f6schung (&#8222;Recht auf Vergessenwerden\u201d):<\/i> Dies ist das Recht des Nutzers, sofern die geltende Gesetzgebung nichts anderes bestimmt, die L\u00f6schung seiner personenbezogenen Daten zu erlangen, wenn diese f\u00fcr die Zwecke, f\u00fcr die sie erhoben oder verarbeitet wurden, nicht mehr erforderlich sind; wenn der Nutzer seine Einwilligung zur Verarbeitung widerrufen hat und keine andere rechtliche Grundlage f\u00fcr die Verarbeitung besteht; wenn der Nutzer der Verarbeitung widerspricht und kein anderes berechtigtes Interesse f\u00fcr deren Fortf\u00fchrung vorliegt; wenn die personenbezogenen Daten unrechtm\u00e4\u00dfig verarbeitet wurden; wenn die personenbezogenen Daten zur Erf\u00fcllung einer rechtlichen Verpflichtung gel\u00f6scht werden m\u00fcssen; oder wenn die personenbezogenen Daten im Rahmen eines direkten Angebots von Diensten der Informationsgesellschaft an ein Kind unter 14 Jahren erhoben wurden. Zus\u00e4tzlich zur L\u00f6schung der Daten hat der Verantwortliche f\u00fcr die Verarbeitung unter Ber\u00fccksichtigung der verf\u00fcgbaren Technologie und der Kosten ihrer Umsetzung angemessene Ma\u00dfnahmen zu ergreifen, um die f\u00fcr die Verarbeitung der personenbezogenen Daten Verantwortlichen \u00fcber das L\u00f6schungsersuchen der betroffenen Person hinsichtlich aller Links zu diesen personenbezogenen Daten zu informieren. <\/li><li>Recht auf Einschr\u00e4nkung der Verarbeitung: Dies ist das Recht des Nutzers, die Einschr\u00e4nkung der Verarbeitung seiner personenbezogenen Daten zu verlangen. Der Nutzer hat das Recht, die Einschr\u00e4nkung der Verarbeitung zu erlangen, wenn er die Richtigkeit seiner personenbezogenen Daten bestreitet; wenn die Verarbeitung unrechtm\u00e4\u00dfig ist; wenn der Verantwortliche f\u00fcr die Verarbeitung die personenbezogenen Daten nicht mehr ben\u00f6tigt, der Nutzer sie jedoch zur Geltendmachung von Anspr\u00fcchen ben\u00f6tigt; sowie wenn der Nutzer der Verarbeitung widersprochen hat. <\/li><li>Recht auf Daten\u00fcbertragbarkeit: Erfolgt die Verarbeitung mittels automatisierter Verfahren, hat der Nutzer das Recht, vom Verantwortlichen f\u00fcr die Verarbeitung seine personenbezogenen Daten in einem strukturierten, g\u00e4ngigen und maschinenlesbaren Format zu erhalten und diese an einen anderen Verantwortlichen zu \u00fcbermitteln. Sofern es technisch m\u00f6glich ist, \u00fcbermittelt der Verantwortliche f\u00fcr die Verarbeitung die Daten direkt an diesen anderen Verantwortlichen. <\/li><li>Recht auf Widerspruch: Dies ist das Recht des Nutzers, zu verlangen, dass die Verarbeitung seiner personenbezogenen Daten nicht durchgef\u00fchrt wird oder dass Biopulcher SL die Verarbeitung dieser Daten einstellt.<\/li><li>Recht, nicht einer ausschlie\u00dflich auf einer automatisierten Verarbeitung \u2013 einschlie\u00dflich Profiling \u2013 beruhenden Entscheidung unterworfen zu werden: Dies ist das Recht des Nutzers, nicht Gegenstand einer individuellen Entscheidung zu sein, die ausschlie\u00dflich auf der automatisierten Verarbeitung seiner personenbezogenen Daten, einschlie\u00dflich Profiling, beruht, sofern die geltende Gesetzgebung nichts anderes vorsieht.<\/li><\/ul><p>Somit kann der Nutzer seine Rechte durch eine schriftliche Mitteilung an den Verantwortlichen f\u00fcr die Verarbeitung unter dem Betreff &#8222;RGPD-&#8220; aus\u00fcben, wobei Folgendes anzugeben ist:<\/p><ul><li>Vor- und Nachname des Nutzers sowie eine Kopie des Personalausweises (DNI). In den F\u00e4llen, in denen eine Vertretung zul\u00e4ssig ist, ist zudem die Identifizierung der den Nutzer vertretenden Person mittels desselben Verfahrens sowie das Dokument erforderlich, das die Vertretung nachweist. Die Fotokopie des Personalausweises kann durch jedes andere rechtlich zul\u00e4ssige Mittel ersetzt werden, das die Identit\u00e4t nachweist.  <\/li><li>Antrag mit den konkreten Gr\u00fcnden der Anfrage oder der Information, auf die zugegriffen werden soll.<\/li><li>Anschrift f\u00fcr Zustellungen.<\/li><li>Datum und Unterschrift des Antragstellers.<\/li><li>Alle Unterlagen, die den gestellten Antrag belegen.<\/li><\/ul><p>Dieser Antrag sowie alle weiteren beigef\u00fcgten Unterlagen k\u00f6nnen an die folgende Adresse und\/oder E-Mail-Adresse gesendet werden:<\/p><p>Postanschrift: Juan de la Cierva 10 -B<\/p><p>Correo electr\u00f3nico: produccion@biopulcher.com<\/p><h4>Links zu Websites Dritter<\/h4><p>Die Website kann Hyperlinks oder Verweise enthalten, die den Zugang zu Webseiten Dritter erm\u00f6glichen, die nicht Biopulcher SL geh\u00f6ren und daher nicht von Biopulcher SL betrieben werden. Die Betreiber dieser Websites verf\u00fcgen \u00fcber eigene Datenschutzrichtlinien und sind jeweils selbst f\u00fcr ihre eigenen Dateien sowie f\u00fcr ihre eigenen Datenschutzpraktiken verantwortlich. <\/p><h4>Beschwerden bei der Aufsichtsbeh\u00f6rde<\/h4><p>Falls der Nutzer der Ansicht ist, dass ein Problem oder ein Versto\u00df gegen die geltenden Vorschriften bei der Verarbeitung seiner personenbezogenen Daten vorliegt, hat er das Recht auf wirksamen gerichtlichen Rechtsschutz sowie das Recht, eine Beschwerde bei einer Aufsichtsbeh\u00f6rde einzureichen, insbesondere in dem Staat seines gew\u00f6hnlichen Aufenthalts, seines Arbeitsplatzes oder des Ortes des mutma\u00dflichen Versto\u00dfes. Im Falle Spaniens ist die zust\u00e4ndige Aufsichtsbeh\u00f6rde die Spanische Datenschutzbeh\u00f6rde (Agencia Espa\u00f1ola de Protecci\u00f3n de Datos, http:\/\/www.agpd.es). <\/p><h3>II. AKZEPTANZ UND \u00c4NDERUNGEN DIESER DATENSCHUTZERKL\u00c4RUNG <\/h3><p>Es ist erforderlich, dass der Nutzer die in dieser Datenschutzerkl\u00e4rung enthaltenen Bedingungen zum Schutz personenbezogener Daten gelesen hat und ihnen zustimmt sowie die Verarbeitung seiner personenbezogenen Daten akzeptiert, damit der Verantwortliche f\u00fcr die Verarbeitung diese in der beschriebenen Weise, f\u00fcr die angegebenen Zeitr\u00e4ume und zu den genannten Zwecken durchf\u00fchren kann. Die Nutzung der Website setzt die Zustimmung zu ihrer Datenschutzerkl\u00e4rung voraus. <\/p><p>Biopulcher SL beh\u00e4lt sich das Recht vor, seine Datenschutzerkl\u00e4rung nach eigenem Ermessen oder aufgrund gesetzlicher, rechtsprechender oder doktrin\u00e4rer \u00c4nderungen der Spanischen Datenschutzbeh\u00f6rde zu \u00e4ndern. \u00c4nderungen oder Aktualisierungen dieser Datenschutzerkl\u00e4rung werden dem Nutzer nicht ausdr\u00fccklich mitgeteilt. Dem Nutzer wird empfohlen, diese Seite regelm\u00e4\u00dfig zu \u00fcberpr\u00fcfen, um \u00fcber die neuesten \u00c4nderungen oder Aktualisierungen informiert zu bleiben.  <\/p><p>Diese Datenschutzerkl\u00e4rung wurde aktualisiert, um der Verordnung (EU) 2016\/679 des Europ\u00e4ischen Parlaments und des Rates vom 27. April 2016 zum Schutz nat\u00fcrlicher Personen bei der Verarbeitung personenbezogener Daten und zum freien Verkehr solcher Daten (DSGVO) sowie dem Organgesetz 3\/2018 vom 5. Dezember \u00fcber den Schutz personenbezogener Daten und die Gew\u00e4hrleistung der digitalen Rechte zu entsprechen.<\/p><\/div>\t\t\t\t\t\t\t\t<\/div>\n\t\t\t\t<\/div>\n\t\t\t\t\t<\/div>\n\t\t\t\t<\/div>\n\t\t\t\t<\/div>\n\t\t","protected":false},"excerpt":{"rendered":"<p>Datenschutzerkl\u00e4rung I. DATENSCHUTZERKL\u00c4RUNG UND DATENSCHUTZ Unter Einhaltung der geltenden Gesetzgebung verpflichtet sich Biodor Control, Eigentum von Biopulcher SL (im Folgenden auch Website), die erforderlichen technischen und organisatorischen Ma\u00dfnahmen zu ergreifen, die dem Sicherheitsniveau f\u00fcr das Risiko der erhobenen Daten entsprechen. In diese Datenschutzerkl\u00e4rung einbezogene Gesetze Diese Datenschutzerkl\u00e4rung ist an die geltenden spanischen und europ\u00e4ischen Vorschriften [&hellip;]<\/p>\n","protected":false},"author":1,"featured_media":0,"parent":0,"menu_order":0,"comment_status":"closed","ping_status":"closed","template":"","meta":{"_seopress_robots_primary_cat":"","_seopress_titles_title":"","_seopress_titles_desc":"","_seopress_robots_index":"yes","footnotes":""},"class_list":["post-4178","page","type-page","status-publish","hentry"],"_links":{"self":[{"href":"https:\/\/biodorcontrol.es\/shop\/de\/wp-json\/wp\/v2\/pages\/4178","targetHints":{"allow":["GET"]}}],"collection":[{"href":"https:\/\/biodorcontrol.es\/shop\/de\/wp-json\/wp\/v2\/pages"}],"about":[{"href":"https:\/\/biodorcontrol.es\/shop\/de\/wp-json\/wp\/v2\/types\/page"}],"author":[{"embeddable":true,"href":"https:\/\/biodorcontrol.es\/shop\/de\/wp-json\/wp\/v2\/users\/1"}],"replies":[{"embeddable":true,"href":"https:\/\/biodorcontrol.es\/shop\/de\/wp-json\/wp\/v2\/comments?post=4178"}],"version-history":[{"count":1,"href":"https:\/\/biodorcontrol.es\/shop\/de\/wp-json\/wp\/v2\/pages\/4178\/revisions"}],"predecessor-version":[{"id":4179,"href":"https:\/\/biodorcontrol.es\/shop\/de\/wp-json\/wp\/v2\/pages\/4178\/revisions\/4179"}],"wp:attachment":[{"href":"https:\/\/biodorcontrol.es\/shop\/de\/wp-json\/wp\/v2\/media?parent=4178"}],"curies":[{"name":"wp","href":"https:\/\/api.w.org\/{rel}","templated":true}]}}