{"id":4193,"date":"2024-04-11T11:58:18","date_gmt":"2024-04-11T09:58:18","guid":{"rendered":"https:\/\/biodorcontrol.es\/shop\/barrierefreiheitsrichtlinie\/"},"modified":"2025-12-18T13:48:28","modified_gmt":"2025-12-18T12:48:28","slug":"barrierefreiheitsrichtlinie","status":"publish","type":"page","link":"https:\/\/biodorcontrol.es\/shop\/de\/barrierefreiheitsrichtlinie\/","title":{"rendered":"Barrierefreiheitsrichtlinie"},"content":{"rendered":"\t\t<div data-elementor-type=\"wp-page\" data-elementor-id=\"4193\" class=\"elementor elementor-4193 elementor-849\" data-elementor-post-type=\"page\">\n\t\t\t\t\t\t<section class=\"elementor-section elementor-top-section elementor-element elementor-element-745fec7 elementor-section-full_width careta-producto elementor-section-height-default elementor-section-height-default elementor-invisible\" data-id=\"745fec7\" data-element_type=\"section\" data-e-type=\"section\" data-settings=\"{&quot;background_background&quot;:&quot;classic&quot;,&quot;animation&quot;:&quot;fadeIn&quot;}\">\n\t\t\t\t\t\t\t<div class=\"elementor-background-overlay\"><\/div>\n\t\t\t\t\t\t\t<div class=\"elementor-container elementor-column-gap-no\">\n\t\t\t\t\t<div class=\"elementor-column elementor-col-100 elementor-top-column elementor-element elementor-element-9e12f78\" data-id=\"9e12f78\" data-element_type=\"column\" data-e-type=\"column\">\n\t\t\t<div class=\"elementor-widget-wrap elementor-element-populated\">\n\t\t\t\t\t\t<div class=\"elementor-element elementor-element-e9c7ae0 elementor-widget elementor-widget-heading\" data-id=\"e9c7ae0\" data-element_type=\"widget\" data-e-type=\"widget\" data-widget_type=\"heading.default\">\n\t\t\t\t<div class=\"elementor-widget-container\">\n\t\t\t\t\t<h1 class=\"elementor-heading-title elementor-size-default\">Barrierefreiheitsrichtlinie<\/h1>\t\t\t\t<\/div>\n\t\t\t\t<\/div>\n\t\t\t\t<div class=\"elementor-element elementor-element-f4ea290 elementor-widget-divider--view-line elementor-widget elementor-widget-divider\" data-id=\"f4ea290\" data-element_type=\"widget\" data-e-type=\"widget\" data-widget_type=\"divider.default\">\n\t\t\t\t<div class=\"elementor-widget-container\">\n\t\t\t\t\t\t\t<div class=\"elementor-divider\">\n\t\t\t<span class=\"elementor-divider-separator\">\n\t\t\t\t\t\t<\/span>\n\t\t<\/div>\n\t\t\t\t\t\t<\/div>\n\t\t\t\t<\/div>\n\t\t\t\t\t<\/div>\n\t\t<\/div>\n\t\t\t\t\t<\/div>\n\t\t<\/section>\n\t\t<div class=\"elementor-element elementor-element-c344eca e-flex e-con-boxed e-con e-parent\" data-id=\"c344eca\" data-element_type=\"container\" data-e-type=\"container\">\n\t\t\t\t\t<div class=\"e-con-inner\">\n\t\t\t\t<div class=\"elementor-element elementor-element-d52c308 elementor-widget elementor-widget-text-editor\" data-id=\"d52c308\" data-element_type=\"widget\" data-e-type=\"widget\" data-widget_type=\"text-editor.default\">\n\t\t\t\t<div class=\"elementor-widget-container\">\n\t\t\t\t\t\t\t\t\t<div class=\"page-content\"><div class=\"elementor elementor-325\" data-elementor-type=\"wp-page\" data-elementor-id=\"325\" data-elementor-post-type=\"page\"><section class=\"elementor-section elementor-top-section elementor-element elementor-element-98e1df3 elementor-section-boxed elementor-section-height-default elementor-section-height-default\" data-id=\"98e1df3\" data-element_type=\"section\"><div class=\"elementor-container elementor-column-gap-default\"><div class=\"elementor-column elementor-col-100 elementor-top-column elementor-element elementor-element-f27ba1f\" data-id=\"f27ba1f\" data-element_type=\"column\"><div class=\"elementor-widget-wrap elementor-element-populated\"><div class=\"elementor-element elementor-element-b4c043b elementor-widget elementor-widget-text-editor\" data-id=\"b4c043b\" data-element_type=\"widget\" data-widget_type=\"text-editor.default\"><div class=\"elementor-widget-container\"><p>Das Unternehmen BIOPULCHER, S.L. hat sich verpflichtet, seine Website im Einklang mit dem K\u00f6niglichen Dekret (Real Decreto) 1112\/2018 vom 7. September \u00fcber die Barrierefreiheit von Websites und Anwendungen f\u00fcr mobile Ger\u00e4te des \u00f6ffentlichen Sektors oder aus Europa finanzierten Entwicklungen barrierefrei zu gestalten.<\/p><p>Diese Erkl\u00e4rung zur Barrierefreiheit gilt f\u00fcr die Website https:\/\/biodorcontrol.es\/shop, unter Ausschluss von eingebetteten Inhalten aus anderen Dom\u00e4nen.<\/p><p><strong>Stand der Vereinbarkeit<br><br>Diese Website ist aufgrund der nachstehend aufgef\u00fchrten Aspekte der Nichtkonformit\u00e4t teilweise mit dem K\u00f6niglichen Dekret (RD) 1112\/2018 vereinbar.<\/strong><br><br><br><\/p><p><strong>Nicht barrierefreie Inhalte<\/strong><\/p><p>Der unten aufgef\u00fchrte Inhalt ist aus den folgenden Gr\u00fcnden nicht barrierefrei:<\/p><ul><li>Nichtkonformit\u00e4t:<\/li><li>Es k\u00f6nnen Bilder existieren, deren Textalternative nicht implementiert oder nicht korrekt ist \u2013 Anforderung 9.1.1.1 Nicht-Text-Inhalt der Norm UNE-EN 301549:2022.<\/li><li>In Formularen kann es Felder geben, bei denen das Ausf\u00fcllen durch automatisierte Systeme nicht unterst\u00fctzt wird \u2013 Anforderung 9.1.3.5 Bestimmung des Eingabezwecks der Norm UNE-EN 301549:2022.<\/li><li>Es kann auf einigen Seiten Elemente geben, deren Kontrast nicht ausreichend ist \u2013 Anforderung 9.1.4.3 Kontrast (Minimum) der Norm UNE-EN 301549:2020.<\/li><li>Es kann Formularfelder geben, deren Beschriftung (Label) nicht korrekt ist oder fehlt \u2013 Anforderung Nummer 9.3.3.2 Beschriftungen (Labels) oder Anweisungen der Norm UNE-EN 301549:2022.<\/li><li>Es k\u00f6nnen Parsing-Fehler im Code vorliegen \u2013 Anforderung Nummer 9.4.1.1 Verarbeitung der Norm UNE-EN 301549:2022.<\/li><li>Es k\u00f6nnten vereinzelt Bearbeitungsfehler auf einigen Webseiten vorliegen.<\/li><li>Unverh\u00e4ltnism\u00e4\u00dfige Belastung: Nicht anwendbar.<\/li><li>Der Inhalt f\u00e4llt nicht in den Anwendungsbereich der anwendbaren Rechtsvorschriften.<br>Es k\u00f6nnten Office-Dateien im PDF- oder anderen Formaten existieren, die vor dem 20. September 2018 ver\u00f6ffentlicht wurden und nicht alle Barrierefreiheitsanforderungen vollst\u00e4ndig erf\u00fcllen.<br>Es kann Inhalte von Dritten geben, die weder in dieser Einheit entwickelt wurden noch unter deren Kontrolle stehen, wie z. B. Office-Dateien von verschiedenen Organisationen, die auf dieser Website ver\u00f6ffentlicht werden m\u00fcssen.<\/li><\/ul><p><strong>Anmerkungen und Kontaktdaten<\/strong><\/p><ul><li>Sie k\u00f6nnen Mitteilungen \u00fcber Barrierefreiheitsanforderungen gem\u00e4\u00df Artikel 10.2.a) des RD 1112\/2018 machen, wie zum Beispiel:<br>Meldung etwaiger Verst\u00f6\u00dfe seitens dieser Website.<\/li><li>\u00dcbermittlung sonstiger Schwierigkeiten beim Zugriff auf die Inhalte.<\/li><li>\u00dcbermittlung sonstiger Anfragen oder Verbesserungsvorschl\u00e4ge in Bezug auf die Barrierefreiheit der Website \u00fcber die E-Mail-Adresse<strong> info@biopulcher.com<\/strong> oder telefonisch unter <strong>+34 93 176 50 43 <\/strong>(Montag bis Freitag von 9:00 bis 14:00 Uhr).<\/li><\/ul><p><strong>Sie k\u00f6nnen Folgendes einreichen:<\/strong><\/p><ul><li>Eine Beschwerde in Bezug auf die Erf\u00fcllung der Anforderungen des RD 1112\/2018.<\/li><li>Einen Antrag auf barrierefreie Informationen in Bezug auf:<ul><li>Inhalte, die gem\u00e4\u00df Artikel 3 Absatz 4 vom Anwendungsbereich des RD 1112\/2018 ausgeschlossen sind.<\/li><li>Inhalte, die aufgrund einer unverh\u00e4ltnism\u00e4\u00dfigen Belastung von der Erf\u00fcllung der Barrierefreiheitsanforderungen ausgenommen sind.<\/li><\/ul><\/li><\/ul><p>Im Antrag auf barrierefreie Informationen m\u00fcssen die Fakten, Gr\u00fcnde und das Ersuchen klar pr\u00e4zisiert werden, um feststellen zu k\u00f6nnen, dass es sich um eine angemessene und rechtm\u00e4\u00dfige Anfrage handelt.<\/p><\/div><\/div><\/div><\/div><\/div><\/section><\/div><div class=\"post-tags\"> <\/div><\/div><p> <\/p><div class=\"elementor elementor-11 elementor-location-footer\" data-elementor-type=\"footer\" data-elementor-id=\"11\" data-elementor-post-type=\"elementor_library\"><footer class=\"elementor-section elementor-top-section elementor-element elementor-element-5ea3e01c elementor-section-boxed elementor-section-height-default elementor-section-height-default\" data-id=\"5ea3e01c\" data-element_type=\"section\" data-settings=\"{\"background_background\":\"classic\"}\"><div class=\"elementor-container elementor-column-gap-default\"><div class=\"elementor-column elementor-col-100 elementor-top-column elementor-element elementor-element-6afacea8\" data-id=\"6afacea8\" data-element_type=\"column\"><div class=\"elementor-widget-wrap elementor-element-populated\"><section class=\"elementor-section elementor-inner-section elementor-element elementor-element-61cbd3ce elementor-section-boxed elementor-section-height-default elementor-section-height-default\" data-id=\"61cbd3ce\" data-element_type=\"section\"><div class=\"elementor-container elementor-column-gap-default\"><div class=\"elementor-column elementor-col-25 elementor-inner-column elementor-element elementor-element-1825c4ed\" data-id=\"1825c4ed\" data-element_type=\"column\"><div class=\"elementor-widget-wrap elementor-element-populated\"><div class=\"elementor-element elementor-element-16412e8 elementor-widget elementor-widget-image\" data-id=\"16412e8\" data-element_type=\"widget\" data-widget_type=\"image.default\"> <\/div><\/div><\/div><\/div><\/section><\/div><\/div><\/div><\/footer><\/div>\t\t\t\t\t\t\t\t<\/div>\n\t\t\t\t<\/div>\n\t\t\t\t\t<\/div>\n\t\t\t\t<\/div>\n\t\t\t\t<\/div>\n\t\t","protected":false},"excerpt":{"rendered":"<p>Barrierefreiheitsrichtlinie Das Unternehmen BIOPULCHER, S.L. hat sich verpflichtet, seine Website im Einklang mit dem K\u00f6niglichen Dekret (Real Decreto) 1112\/2018 vom 7. September \u00fcber die Barrierefreiheit von Websites und Anwendungen f\u00fcr mobile Ger\u00e4te des \u00f6ffentlichen Sektors oder aus Europa finanzierten Entwicklungen barrierefrei zu gestalten. Diese Erkl\u00e4rung zur Barrierefreiheit gilt f\u00fcr die Website https:\/\/biodorcontrol.es\/shop, unter Ausschluss von [&hellip;]<\/p>\n","protected":false},"author":1,"featured_media":0,"parent":0,"menu_order":0,"comment_status":"closed","ping_status":"closed","template":"","meta":{"_seopress_robots_primary_cat":"","_seopress_titles_title":"","_seopress_titles_desc":"","_seopress_robots_index":"yes","footnotes":""},"class_list":["post-4193","page","type-page","status-publish","hentry"],"_links":{"self":[{"href":"https:\/\/biodorcontrol.es\/shop\/de\/wp-json\/wp\/v2\/pages\/4193","targetHints":{"allow":["GET"]}}],"collection":[{"href":"https:\/\/biodorcontrol.es\/shop\/de\/wp-json\/wp\/v2\/pages"}],"about":[{"href":"https:\/\/biodorcontrol.es\/shop\/de\/wp-json\/wp\/v2\/types\/page"}],"author":[{"embeddable":true,"href":"https:\/\/biodorcontrol.es\/shop\/de\/wp-json\/wp\/v2\/users\/1"}],"replies":[{"embeddable":true,"href":"https:\/\/biodorcontrol.es\/shop\/de\/wp-json\/wp\/v2\/comments?post=4193"}],"version-history":[{"count":1,"href":"https:\/\/biodorcontrol.es\/shop\/de\/wp-json\/wp\/v2\/pages\/4193\/revisions"}],"predecessor-version":[{"id":4194,"href":"https:\/\/biodorcontrol.es\/shop\/de\/wp-json\/wp\/v2\/pages\/4193\/revisions\/4194"}],"wp:attachment":[{"href":"https:\/\/biodorcontrol.es\/shop\/de\/wp-json\/wp\/v2\/media?parent=4193"}],"curies":[{"name":"wp","href":"https:\/\/api.w.org\/{rel}","templated":true}]}}