{"id":4343,"date":"2024-02-07T11:44:19","date_gmt":"2024-02-07T10:44:19","guid":{"rendered":"https:\/\/biodorcontrol.es\/shop\/product\/biopulcher-cnb-neutral\/"},"modified":"2025-12-19T12:12:42","modified_gmt":"2025-12-19T11:12:42","slug":"biopulcher-cnb-neutral","status":"publish","type":"product","link":"https:\/\/biodorcontrol.es\/shop\/de\/produkt\/biopulcher-cnb-neutral\/","title":{"rendered":"Biopulcher CNB Neutral"},"content":{"rendered":"\t\t<div data-elementor-type=\"product-post\" data-elementor-id=\"4343\" class=\"elementor elementor-4343 elementor-100\" data-elementor-post-type=\"product\">\n\t\t\t\t<div class=\"elementor-element elementor-element-56c2e582 e-flex e-con-boxed e-con e-parent\" data-id=\"56c2e582\" data-element_type=\"container\" data-e-type=\"container\">\n\t\t\t\t\t<div class=\"e-con-inner\">\n\t\t\t\t<div class=\"elementor-element elementor-element-7fa26450 elementor-widget elementor-widget-text-editor\" data-id=\"7fa26450\" data-element_type=\"widget\" data-e-type=\"widget\" data-widget_type=\"text-editor.default\">\n\t\t\t\t<div class=\"elementor-widget-container\">\n\t\t\t\t\t\t\t\t\t<p><strong>Biopulcher CNB <\/strong>ist ein leistungsstarker Geruchsneutralisator, der speziell f\u00fcr die effektive Beseitigung<strong> intensivster Ger\u00fcche <\/strong>entwickelt wurde. Seine Formel wirkt direkt auf die Molek\u00fcle ein, die f\u00fcr unangenehme Ger\u00fcche verantwortlich sind, und garantiert eine diskrete, frische und saubere Umgebung. <\/p><p><strong>Hauptmerkmale<\/strong><\/p><p>\u2705 <strong>Eliminiert Ger\u00fcche sofort<\/strong>: Die fortschrittliche Formel neutralisiert Ger\u00fcche in wenigen Minuten.<br>\u2705 <strong>Neutrales Aroma: <\/strong>Hinterl\u00e4sst einen dezenten Duft in der Umgebung.<br>\u2705 <strong> Sicher:<\/strong> Ungiftig f\u00fcr Menschen, Haustiere und Pflanzen.<br>\u2705 Langlebig: Sorgt f\u00fcr Frische \u00fcber Wochen hinweg. <br>\u2705 Vielseitig: Ideal f\u00fcr Haushalte, Autos, B\u00fcros, geschlossene R\u00e4ume, Bel\u00fcftungssysteme und mehr.<br>\u2705 Einfach anzuwenden: Platzieren Sie das Gel an der gew\u00fcnschten Stelle und lassen Sie es wirken.<\/p><p>Format: 33 g<\/p>\t\t\t\t\t\t\t\t<\/div>\n\t\t\t\t<\/div>\n\t\t\t\t\t<\/div>\n\t\t\t\t<\/div>\n\t\t\t\t<\/div>\n\t\t","protected":false},"excerpt":{"rendered":"<p>[elementor-template id=\"1606\"]<br \/>\n[elementor-template id=\"1354\"]<\/p>\n","protected":false},"featured_media":143,"comment_status":"closed","ping_status":"closed","template":"","meta":{"_seopress_robots_primary_cat":"none","_seopress_titles_title":"%%post_title%% %%sep%% Biodor Control - %%sitetitle%%","_seopress_titles_desc":"Biopulcher CNB 33 Gramm Neutral (Biodor Control) eliminiert Tabak- und Cannabisger\u00fcche vollst\u00e4ndig. Dank seiner fortschrittlichen Formel bleibt die Luft sauber und frisch. ","_seopress_robots_index":""},"product_brand":[],"product_cat":[85,84],"product_tag":[],"class_list":{"0":"post-4343","1":"product","2":"type-product","3":"status-publish","4":"has-post-thumbnail","6":"product_cat-33-gramm","7":"product_cat-anti-geruch-gele","9":"first","10":"instock","11":"taxable","12":"shipping-taxable","13":"purchasable","14":"product-type-simple"},"_links":{"self":[{"href":"https:\/\/biodorcontrol.es\/shop\/de\/wp-json\/wp\/v2\/product\/4343","targetHints":{"allow":["GET"]}}],"collection":[{"href":"https:\/\/biodorcontrol.es\/shop\/de\/wp-json\/wp\/v2\/product"}],"about":[{"href":"https:\/\/biodorcontrol.es\/shop\/de\/wp-json\/wp\/v2\/types\/product"}],"replies":[{"embeddable":true,"href":"https:\/\/biodorcontrol.es\/shop\/de\/wp-json\/wp\/v2\/comments?post=4343"}],"version-history":[{"count":1,"href":"https:\/\/biodorcontrol.es\/shop\/de\/wp-json\/wp\/v2\/product\/4343\/revisions"}],"predecessor-version":[{"id":4363,"href":"https:\/\/biodorcontrol.es\/shop\/de\/wp-json\/wp\/v2\/product\/4343\/revisions\/4363"}],"wp:featuredmedia":[{"embeddable":true,"href":"https:\/\/biodorcontrol.es\/shop\/de\/wp-json\/wp\/v2\/media\/143"}],"wp:attachment":[{"href":"https:\/\/biodorcontrol.es\/shop\/de\/wp-json\/wp\/v2\/media?parent=4343"}],"wp:term":[{"taxonomy":"product_brand","embeddable":true,"href":"https:\/\/biodorcontrol.es\/shop\/de\/wp-json\/wp\/v2\/product_brand?post=4343"},{"taxonomy":"product_cat","embeddable":true,"href":"https:\/\/biodorcontrol.es\/shop\/de\/wp-json\/wp\/v2\/product_cat?post=4343"},{"taxonomy":"product_tag","embeddable":true,"href":"https:\/\/biodorcontrol.es\/shop\/de\/wp-json\/wp\/v2\/product_tag?post=4343"}],"curies":[{"name":"wp","href":"https:\/\/api.w.org\/{rel}","templated":true}]}}