{"id":4420,"date":"2024-07-09T10:09:15","date_gmt":"2024-07-09T08:09:15","guid":{"rendered":"https:\/\/biodorcontrol.es\/shop\/product\/biopulcher-cnb-eucalipto-800gr\/"},"modified":"2025-12-19T13:00:47","modified_gmt":"2025-12-19T12:00:47","slug":"biopulcher-cnb-eucalipto-800gr","status":"publish","type":"product","link":"https:\/\/biodorcontrol.es\/shop\/de\/produkt\/biopulcher-cnb-eucalipto-800gr\/","title":{"rendered":"Biopulcher CNB Eucalipto 800gr"},"content":{"rendered":"\t\t<div data-elementor-type=\"product-post\" data-elementor-id=\"4420\" class=\"elementor elementor-4420 elementor-1532\" data-elementor-post-type=\"product\">\n\t\t\t\t<div class=\"elementor-element elementor-element-38d62e2f e-flex e-con-boxed e-con e-parent\" data-id=\"38d62e2f\" data-element_type=\"container\" data-e-type=\"container\">\n\t\t\t\t\t<div class=\"e-con-inner\">\n\t\t\t\t<div class=\"elementor-element elementor-element-37a3b573 elementor-widget elementor-widget-text-editor\" data-id=\"37a3b573\" data-element_type=\"widget\" data-e-type=\"widget\" data-widget_type=\"text-editor.default\">\n\t\t\t\t<div class=\"elementor-widget-container\">\n\t\t\t\t\t\t\t\t\t<p><strong>Biopulcher CNB <\/strong>ist ein leistungsstarker Geruchsneutralisator, der entwickelt wurde, um <strong>intensivste Ger\u00fcche <\/strong>effektiv zu eliminieren. Seine Formel wirkt direkt auf die f\u00fcr den schlechten Geruch verantwortlichen Molek\u00fcle und garantiert eine diskrete, frische und saubere Umgebung. <\/p><p><strong>Hauptmerkmale:<\/strong><\/p><p>\u2705 Eliminiert Ger\u00fcche sofort: Seine fortschrittliche Formel neutralisiert Ger\u00fcche in wenigen Minuten.<br>\u2705 Eukalyptus-Aroma: Hinterl\u00e4sst einen dezenten Eukalyptusduft in der Umgebung.<br>\u2705 Sicher: Ungiftig f\u00fcr Menschen, Haustiere und Pflanzen.<br>\u2705 Langanhaltend: Bietet Frische \u00fcber Wochen hinweg.<br>\u2705 Vielseitig: Ideal f\u00fcr Wohnungen, Autos, B\u00fcros, geschlossene R\u00e4ume, Bel\u00fcftungssysteme und mehr.<br>\u2705 Einfache Anwendung: Das Gel am gew\u00fcnschten Ort platzieren und wirken lassen.<\/p><p><strong>Formato: 800gr<\/strong><\/p>\t\t\t\t\t\t\t\t<\/div>\n\t\t\t\t<\/div>\n\t\t\t\t\t<\/div>\n\t\t\t\t<\/div>\n\t\t\t\t<\/div>\n\t\t","protected":false},"excerpt":{"rendered":"<p>[elementor-template id=\"1683\"]<br \/>\n[elementor-template id=\"1354\"]<\/p>\n","protected":false},"featured_media":679,"comment_status":"closed","ping_status":"closed","template":"","meta":{"_seopress_robots_primary_cat":"none","_seopress_titles_title":"%%post_title%% %%sep%% Biodor Control - %%sitetitle%%","_seopress_titles_desc":"Biopulcher CNB 800 Gramm Eukalyptus (Biodor Control) eliminiert Tabak- und Cannabisger\u00fcche vollst\u00e4ndig. Bis zu 800 m\u00b2. Ideal f\u00fcr gro\u00dfe Formate. ","_seopress_robots_index":""},"product_brand":[],"product_cat":[89,84],"product_tag":[],"class_list":{"0":"post-4420","1":"product","2":"type-product","3":"status-publish","4":"has-post-thumbnail","6":"product_cat-800-gramms","7":"product_cat-anti-geruch-gele","9":"first","10":"instock","11":"taxable","12":"shipping-taxable","13":"purchasable","14":"product-type-simple"},"_links":{"self":[{"href":"https:\/\/biodorcontrol.es\/shop\/de\/wp-json\/wp\/v2\/product\/4420","targetHints":{"allow":["GET"]}}],"collection":[{"href":"https:\/\/biodorcontrol.es\/shop\/de\/wp-json\/wp\/v2\/product"}],"about":[{"href":"https:\/\/biodorcontrol.es\/shop\/de\/wp-json\/wp\/v2\/types\/product"}],"replies":[{"embeddable":true,"href":"https:\/\/biodorcontrol.es\/shop\/de\/wp-json\/wp\/v2\/comments?post=4420"}],"version-history":[{"count":1,"href":"https:\/\/biodorcontrol.es\/shop\/de\/wp-json\/wp\/v2\/product\/4420\/revisions"}],"predecessor-version":[{"id":4428,"href":"https:\/\/biodorcontrol.es\/shop\/de\/wp-json\/wp\/v2\/product\/4420\/revisions\/4428"}],"wp:featuredmedia":[{"embeddable":true,"href":"https:\/\/biodorcontrol.es\/shop\/de\/wp-json\/wp\/v2\/media\/679"}],"wp:attachment":[{"href":"https:\/\/biodorcontrol.es\/shop\/de\/wp-json\/wp\/v2\/media?parent=4420"}],"wp:term":[{"taxonomy":"product_brand","embeddable":true,"href":"https:\/\/biodorcontrol.es\/shop\/de\/wp-json\/wp\/v2\/product_brand?post=4420"},{"taxonomy":"product_cat","embeddable":true,"href":"https:\/\/biodorcontrol.es\/shop\/de\/wp-json\/wp\/v2\/product_cat?post=4420"},{"taxonomy":"product_tag","embeddable":true,"href":"https:\/\/biodorcontrol.es\/shop\/de\/wp-json\/wp\/v2\/product_tag?post=4420"}],"curies":[{"name":"wp","href":"https:\/\/api.w.org\/{rel}","templated":true}]}}