{"id":4429,"date":"2024-07-09T10:11:38","date_gmt":"2024-07-09T08:11:38","guid":{"rendered":"https:\/\/biodorcontrol.es\/shop\/product\/biopulcher-cnb-neutral-800gr\/"},"modified":"2025-12-19T13:03:48","modified_gmt":"2025-12-19T12:03:48","slug":"biopulcher-cnb-neutral-800gr","status":"publish","type":"product","link":"https:\/\/biodorcontrol.es\/shop\/de\/produkt\/biopulcher-cnb-neutral-800gr\/","title":{"rendered":"Biopulcher CNB Neutral 800gr"},"content":{"rendered":"\t\t<div data-elementor-type=\"product-post\" data-elementor-id=\"4429\" class=\"elementor elementor-4429 elementor-1534\" data-elementor-post-type=\"product\">\n\t\t\t\t<div class=\"elementor-element elementor-element-1a5a585e e-flex e-con-boxed e-con e-parent\" data-id=\"1a5a585e\" data-element_type=\"container\" data-e-type=\"container\">\n\t\t\t\t\t<div class=\"e-con-inner\">\n\t\t\t\t<div class=\"elementor-element elementor-element-5a1232c elementor-widget elementor-widget-text-editor\" data-id=\"5a1232c\" data-element_type=\"widget\" data-e-type=\"widget\" data-widget_type=\"text-editor.default\">\n\t\t\t\t<div class=\"elementor-widget-container\">\n\t\t\t\t\t\t\t\t\t<p><strong>Biopulcher CNB <\/strong>ist ein leistungsstarker Geruchsneutralisator, der entwickelt wurde, um <strong>intensivste Ger\u00fcche <\/strong>effektiv zu eliminieren. Seine Formel wirkt direkt auf die f\u00fcr den schlechten Geruch verantwortlichen Molek\u00fcle und garantiert eine diskrete, frische und saubere Umgebung. <\/p><p><strong>Hauptmerkmale:<\/strong><\/p><p>\u2705 Eliminiert Ger\u00fcche sofort: Seine fortschrittliche Formel neutralisiert Ger\u00fcche in wenigen Minuten.<br>\u2705 Neutrales Aroma: Hinterl\u00e4sst einen dezenten Duft in der Umgebung.<br>\u2705 Sicher: Ungiftig f\u00fcr Menschen, Haustiere und Pflanzen.<br>\u2705 Langanhaltend: Bietet Frische \u00fcber Wochen hinweg.<br>\u2705 Vielseitig: Ideal f\u00fcr Wohnungen, Autos, B\u00fcros, geschlossene R\u00e4ume, Bel\u00fcftungssysteme und mehr.<br>\u2705 Einfache Anwendung: Das Gel am gew\u00fcnschten Ort platzieren und wirken lassen.<\/p><p><strong>Format: 800g<\/strong><\/p>\t\t\t\t\t\t\t\t<\/div>\n\t\t\t\t<\/div>\n\t\t\t\t\t<\/div>\n\t\t\t\t<\/div>\n\t\t\t\t<\/div>\n\t\t","protected":false},"excerpt":{"rendered":"<p>[elementor-template id=\"1683\"]<br \/>\n[elementor-template id=\"1354\"]<\/p>\n","protected":false},"featured_media":683,"comment_status":"closed","ping_status":"closed","template":"","meta":{"_seopress_robots_primary_cat":"none","_seopress_titles_title":"%%post_title%% %%sep%% Biodor Control - %%sitetitle%%","_seopress_titles_desc":"Biopulcher CNB 800 Gramm Neutro (Biodor Control) eliminiert Tabak- und Cannabisger\u00fcche vollst\u00e4ndig. Bis zu 800 m\u00b2. Ideal f\u00fcr gro\u00dfe Formate. ","_seopress_robots_index":""},"product_brand":[],"product_cat":[89,84],"product_tag":[],"class_list":{"0":"post-4429","1":"product","2":"type-product","3":"status-publish","4":"has-post-thumbnail","6":"product_cat-800-gramms","7":"product_cat-anti-geruch-gele","9":"first","10":"instock","11":"taxable","12":"shipping-taxable","13":"purchasable","14":"product-type-simple"},"_links":{"self":[{"href":"https:\/\/biodorcontrol.es\/shop\/de\/wp-json\/wp\/v2\/product\/4429","targetHints":{"allow":["GET"]}}],"collection":[{"href":"https:\/\/biodorcontrol.es\/shop\/de\/wp-json\/wp\/v2\/product"}],"about":[{"href":"https:\/\/biodorcontrol.es\/shop\/de\/wp-json\/wp\/v2\/types\/product"}],"replies":[{"embeddable":true,"href":"https:\/\/biodorcontrol.es\/shop\/de\/wp-json\/wp\/v2\/comments?post=4429"}],"version-history":[{"count":1,"href":"https:\/\/biodorcontrol.es\/shop\/de\/wp-json\/wp\/v2\/product\/4429\/revisions"}],"predecessor-version":[{"id":4431,"href":"https:\/\/biodorcontrol.es\/shop\/de\/wp-json\/wp\/v2\/product\/4429\/revisions\/4431"}],"wp:featuredmedia":[{"embeddable":true,"href":"https:\/\/biodorcontrol.es\/shop\/de\/wp-json\/wp\/v2\/media\/683"}],"wp:attachment":[{"href":"https:\/\/biodorcontrol.es\/shop\/de\/wp-json\/wp\/v2\/media?parent=4429"}],"wp:term":[{"taxonomy":"product_brand","embeddable":true,"href":"https:\/\/biodorcontrol.es\/shop\/de\/wp-json\/wp\/v2\/product_brand?post=4429"},{"taxonomy":"product_cat","embeddable":true,"href":"https:\/\/biodorcontrol.es\/shop\/de\/wp-json\/wp\/v2\/product_cat?post=4429"},{"taxonomy":"product_tag","embeddable":true,"href":"https:\/\/biodorcontrol.es\/shop\/de\/wp-json\/wp\/v2\/product_tag?post=4429"}],"curies":[{"name":"wp","href":"https:\/\/api.w.org\/{rel}","templated":true}]}}