{"id":4454,"date":"2024-07-10T14:26:50","date_gmt":"2024-07-10T12:26:50","guid":{"rendered":"https:\/\/biodorcontrol.es\/shop\/product\/biopulcher-max-800g\/"},"modified":"2025-12-22T09:08:30","modified_gmt":"2025-12-22T08:08:30","slug":"biopulcher-max-800g","status":"publish","type":"product","link":"https:\/\/biodorcontrol.es\/shop\/de\/produkt\/biopulcher-max-800g\/","title":{"rendered":"Biopulcher MAX 800g"},"content":{"rendered":"\t\t<div data-elementor-type=\"product-post\" data-elementor-id=\"4454\" class=\"elementor elementor-4454 elementor-1790\" data-elementor-post-type=\"product\">\n\t\t\t\t<div class=\"elementor-element elementor-element-1a5a585e e-flex e-con-boxed e-con e-parent\" data-id=\"1a5a585e\" data-element_type=\"container\" data-e-type=\"container\">\n\t\t\t\t\t<div class=\"e-con-inner\">\n\t\t\t\t<div class=\"elementor-element elementor-element-5a1232c elementor-widget elementor-widget-text-editor\" data-id=\"5a1232c\" data-element_type=\"widget\" data-e-type=\"widget\" data-widget_type=\"text-editor.default\">\n\t\t\t\t<div class=\"elementor-widget-container\">\n\t\t\t\t\t\t\t\t\t<p><strong>Biopulcher MAX<\/strong> ist ein sehr wirksamer Geruchsneutralisator, der speziell entwickelt wurde, um intensivste Ger\u00fcche zu eliminieren, wie zum Beispiel: <strong>F\u00e4kalien, Abwasserrohre, Gruben, F\u00e4ulnis, Feuchtigkeit, Tabak und andere.<\/strong> Seine fortschrittliche Ultra-Formel beseitigt unangenehme Ger\u00fcche vollst\u00e4ndig und hinterl\u00e4sst ein angenehmes Zitrusaroma im Raum.<\/p><p><strong>Format: 800 Gramm.<\/strong><\/p>\t\t\t\t\t\t\t\t<\/div>\n\t\t\t\t<\/div>\n\t\t\t\t\t<\/div>\n\t\t\t\t<\/div>\n\t\t\t\t<\/div>\n\t\t","protected":false},"excerpt":{"rendered":"<p>[elementor-template id=\"1683\"]<br \/>\n[elementor-template id=\"1658\"]<\/p>\n","protected":false},"featured_media":463,"comment_status":"closed","ping_status":"closed","template":"","meta":{"_seopress_robots_primary_cat":"none","_seopress_titles_title":"%%post_title%% %%sep%% Biodor Control - %%sitetitle%%","_seopress_titles_desc":"Biopulcher MAX 800 Gramm eliminiert intensive Ger\u00fcche wie F\u00e4kalien, Abwasserrohre, Gruben, F\u00e4ulnis, Feuchtigkeit und Tabak und hinterl\u00e4sst ein angenehmes Zitrusaroma.","_seopress_robots_index":""},"product_brand":[],"product_cat":[89,84],"product_tag":[],"class_list":{"0":"post-4454","1":"product","2":"type-product","3":"status-publish","4":"has-post-thumbnail","6":"product_cat-800-gramms","7":"product_cat-anti-geruch-gele","9":"first","10":"instock","11":"taxable","12":"shipping-taxable","13":"purchasable","14":"product-type-simple"},"_links":{"self":[{"href":"https:\/\/biodorcontrol.es\/shop\/de\/wp-json\/wp\/v2\/product\/4454","targetHints":{"allow":["GET"]}}],"collection":[{"href":"https:\/\/biodorcontrol.es\/shop\/de\/wp-json\/wp\/v2\/product"}],"about":[{"href":"https:\/\/biodorcontrol.es\/shop\/de\/wp-json\/wp\/v2\/types\/product"}],"replies":[{"embeddable":true,"href":"https:\/\/biodorcontrol.es\/shop\/de\/wp-json\/wp\/v2\/comments?post=4454"}],"version-history":[{"count":1,"href":"https:\/\/biodorcontrol.es\/shop\/de\/wp-json\/wp\/v2\/product\/4454\/revisions"}],"predecessor-version":[{"id":4458,"href":"https:\/\/biodorcontrol.es\/shop\/de\/wp-json\/wp\/v2\/product\/4454\/revisions\/4458"}],"wp:featuredmedia":[{"embeddable":true,"href":"https:\/\/biodorcontrol.es\/shop\/de\/wp-json\/wp\/v2\/media\/463"}],"wp:attachment":[{"href":"https:\/\/biodorcontrol.es\/shop\/de\/wp-json\/wp\/v2\/media?parent=4454"}],"wp:term":[{"taxonomy":"product_brand","embeddable":true,"href":"https:\/\/biodorcontrol.es\/shop\/de\/wp-json\/wp\/v2\/product_brand?post=4454"},{"taxonomy":"product_cat","embeddable":true,"href":"https:\/\/biodorcontrol.es\/shop\/de\/wp-json\/wp\/v2\/product_cat?post=4454"},{"taxonomy":"product_tag","embeddable":true,"href":"https:\/\/biodorcontrol.es\/shop\/de\/wp-json\/wp\/v2\/product_tag?post=4454"}],"curies":[{"name":"wp","href":"https:\/\/api.w.org\/{rel}","templated":true}]}}