{"id":4465,"date":"2025-05-30T12:12:26","date_gmt":"2025-05-30T10:12:26","guid":{"rendered":"https:\/\/biodorcontrol.es\/shop\/product\/stop-gerueche-haustiere\/"},"modified":"2026-01-08T13:40:02","modified_gmt":"2026-01-08T12:40:02","slug":"stop-gerueche-haustiere","status":"publish","type":"product","link":"https:\/\/biodorcontrol.es\/shop\/de\/produkt\/stop-gerueche-haustiere\/","title":{"rendered":"STOP GER\u00dcCHE Haustiere"},"content":{"rendered":"<h2><strong>Bioenzymatischer Geruchsneutralisator f\u00fcr Haustiere<\/strong><\/h2>\n<p>Leistungsstarker bioenzymatischer und <strong>biologisch abbaubarer<\/strong> Geruchsneutralisierer, der schnell und effektiv unangenehme Ger\u00fcche im Zusammenhang mit Haustieren beseitigt (K\u00f6rpergeruch, Urin, F\u00e4kalien, Erbrechen, Speichel u. a.).<\/p>\n<p>Es wirkt sofort, um Oberfl\u00e4chen, auf denen Ihre Haustiere gew\u00f6hnlich ruhen \u2013 wie Sofas, Betten, Textilien und Teppiche \u2013 frisch zu halten, und neutralisiert zudem hartn\u00e4ckige Ger\u00fcche in Katzenklos.<\/p>\n<p>Es hilft auch dabei, das Urinieren an B\u00f6den und W\u00e4nden zu verhindern.<\/p>\n<p><strong>\u2705 Hochwirksam<\/strong><br \/>\n<strong>\u2705 Sicher f\u00fcr Haustiere und Menschen<\/strong><br \/>\n<strong>\u2705 Ungiftige bioenzymatische Formel<\/strong><br \/>\n<strong>\u2705 Umweltfreundlich und biologisch abbaubar<\/strong><\/p>\n<p>&nbsp;<\/p>\n","protected":false},"excerpt":{"rendered":"[elementor-template id=\"3498\"]\n","protected":false},"featured_media":4501,"comment_status":"closed","ping_status":"closed","template":"","meta":{"_seopress_robots_primary_cat":"none","_seopress_titles_title":"STOP GER\u00dcCHE - Bioenzymatischer Geruchsneutralisator f\u00fcr Haustiere","_seopress_titles_desc":"Leistungsstarker bioenzymatischer und biologisch abbaubarer Geruchsneutralisierer, der schnell und effektiv unangenehme Ger\u00fcche im Zusammenhang mit Haustieren beseitigt (K\u00f6rpergeruch, Urin, F\u00e4kalien, Erbrechen, Speichel u. a.).","_seopress_robots_index":""},"product_brand":[],"product_cat":[91],"product_tag":[],"class_list":{"0":"post-4465","1":"product","2":"type-product","3":"status-publish","4":"has-post-thumbnail","6":"product_cat-anti-geruch-spray","8":"first","9":"instock","10":"taxable","11":"shipping-taxable","12":"purchasable","13":"product-type-simple"},"_links":{"self":[{"href":"https:\/\/biodorcontrol.es\/shop\/de\/wp-json\/wp\/v2\/product\/4465","targetHints":{"allow":["GET"]}}],"collection":[{"href":"https:\/\/biodorcontrol.es\/shop\/de\/wp-json\/wp\/v2\/product"}],"about":[{"href":"https:\/\/biodorcontrol.es\/shop\/de\/wp-json\/wp\/v2\/types\/product"}],"replies":[{"embeddable":true,"href":"https:\/\/biodorcontrol.es\/shop\/de\/wp-json\/wp\/v2\/comments?post=4465"}],"version-history":[{"count":1,"href":"https:\/\/biodorcontrol.es\/shop\/de\/wp-json\/wp\/v2\/product\/4465\/revisions"}],"predecessor-version":[{"id":4502,"href":"https:\/\/biodorcontrol.es\/shop\/de\/wp-json\/wp\/v2\/product\/4465\/revisions\/4502"}],"wp:featuredmedia":[{"embeddable":true,"href":"https:\/\/biodorcontrol.es\/shop\/de\/wp-json\/wp\/v2\/media\/4501"}],"wp:attachment":[{"href":"https:\/\/biodorcontrol.es\/shop\/de\/wp-json\/wp\/v2\/media?parent=4465"}],"wp:term":[{"taxonomy":"product_brand","embeddable":true,"href":"https:\/\/biodorcontrol.es\/shop\/de\/wp-json\/wp\/v2\/product_brand?post=4465"},{"taxonomy":"product_cat","embeddable":true,"href":"https:\/\/biodorcontrol.es\/shop\/de\/wp-json\/wp\/v2\/product_cat?post=4465"},{"taxonomy":"product_tag","embeddable":true,"href":"https:\/\/biodorcontrol.es\/shop\/de\/wp-json\/wp\/v2\/product_tag?post=4465"}],"curies":[{"name":"wp","href":"https:\/\/api.w.org\/{rel}","templated":true}]}}