{"id":1579,"date":"2024-07-09T10:13:57","date_gmt":"2024-07-09T08:13:57","guid":{"rendered":"https:\/\/biodorcontrol.es\/shop\/producto\/uncategorized\/cnb-eucalyptus-200gr\/"},"modified":"2025-05-21T13:21:27","modified_gmt":"2025-05-21T11:21:27","slug":"biopulcher-cnb-eucalyptus-200gr","status":"publish","type":"product","link":"https:\/\/biodorcontrol.es\/shop\/en\/product\/biopulcher-cnb-eucalyptus-200gr\/","title":{"rendered":"Biopulcher CNB Eucalyptus 200gr"},"content":{"rendered":"\t\t<div data-elementor-type=\"product-post\" data-elementor-id=\"1579\" class=\"elementor elementor-1579 elementor-1345\" data-elementor-post-type=\"product\">\n\t\t\t\t<div class=\"elementor-element elementor-element-38d62e2f e-flex e-con-boxed e-con e-parent\" data-id=\"38d62e2f\" data-element_type=\"container\" data-e-type=\"container\">\n\t\t\t\t\t<div class=\"e-con-inner\">\n\t\t\t\t<div class=\"elementor-element elementor-element-37a3b573 elementor-widget elementor-widget-text-editor\" data-id=\"37a3b573\" data-element_type=\"widget\" data-e-type=\"widget\" data-widget_type=\"text-editor.default\">\n\t\t\t\t<div class=\"elementor-widget-container\">\n\t\t\t\t\t\t\t\t\t<p><strong>Biopulcher CNB<\/strong> is a powerful odor neutralizer designed to<strong> effectively eliminate the most intense smells.<\/strong> Su f\u00f3rmula act\u00faa directamente sobre las mol\u00e9culas responsables del mal olor, garantizando un ambiente discreto, fresco y limpio.<\/p><p><strong>Key features:<\/strong><\/p><p>\u2705<strong> Instant odor removal: <\/strong>Its advanced formula neutralizes odors within minutes.<br>\u2705 <strong>Eucalyptus scent: <\/strong>Leaves a soft eucalyptus fragrance in the air.<br>\u2705<strong> Safe: <\/strong>Non-toxic for people, pets, and plants.<br>\u2705<strong> Long-lasting: <\/strong>Keeps spaces fresh for weeks.<br>\u2705 <strong>Versatile: <\/strong>Ideal for homes, cars, offices, closed spaces, ventilation systems, and more.<br>\u2705<strong> Easy to use:<\/strong> Just place the gel where needed and let it work.<\/p><p><strong>Format: 200gr<\/strong><\/p>\t\t\t\t\t\t\t\t<\/div>\n\t\t\t\t<\/div>\n\t\t\t\t\t<\/div>\n\t\t\t\t<\/div>\n\t\t\t\t<\/div>\n\t\t","protected":false},"excerpt":{"rendered":"<p>[elementor-template id=\"1683\"]<br \/>\n[elementor-template id=\"1354\"]<\/p>\n","protected":false},"featured_media":1625,"comment_status":"closed","ping_status":"closed","template":"","meta":{"_seopress_robots_primary_cat":"none","_seopress_titles_title":"%%post_title%% %%sep%% Biodor Control - %%sitetitle%%","_seopress_titles_desc":"Biopulcher CNB 200 gramos ( Biodor Control ) elimina por completo el olor a tabaco y cannabis. Hasta 200 m2 Ideal para grandes formatos. Aroma Eucalipto.","_seopress_robots_index":""},"product_brand":[],"product_cat":[62,43],"product_tag":[],"class_list":{"0":"post-1579","1":"product","2":"type-product","3":"status-publish","4":"has-post-thumbnail","6":"product_cat-200-grams","7":"product_cat-anti-odor-gels","8":"product_shipping_class-regular-en","10":"first","11":"instock","12":"taxable","13":"shipping-taxable","14":"purchasable","15":"product-type-simple"},"_links":{"self":[{"href":"https:\/\/biodorcontrol.es\/shop\/en\/wp-json\/wp\/v2\/product\/1579","targetHints":{"allow":["GET"]}}],"collection":[{"href":"https:\/\/biodorcontrol.es\/shop\/en\/wp-json\/wp\/v2\/product"}],"about":[{"href":"https:\/\/biodorcontrol.es\/shop\/en\/wp-json\/wp\/v2\/types\/product"}],"replies":[{"embeddable":true,"href":"https:\/\/biodorcontrol.es\/shop\/en\/wp-json\/wp\/v2\/comments?post=1579"}],"version-history":[{"count":11,"href":"https:\/\/biodorcontrol.es\/shop\/en\/wp-json\/wp\/v2\/product\/1579\/revisions"}],"predecessor-version":[{"id":3339,"href":"https:\/\/biodorcontrol.es\/shop\/en\/wp-json\/wp\/v2\/product\/1579\/revisions\/3339"}],"wp:featuredmedia":[{"embeddable":true,"href":"https:\/\/biodorcontrol.es\/shop\/en\/wp-json\/wp\/v2\/media\/1625"}],"wp:attachment":[{"href":"https:\/\/biodorcontrol.es\/shop\/en\/wp-json\/wp\/v2\/media?parent=1579"}],"wp:term":[{"taxonomy":"product_brand","embeddable":true,"href":"https:\/\/biodorcontrol.es\/shop\/en\/wp-json\/wp\/v2\/product_brand?post=1579"},{"taxonomy":"product_cat","embeddable":true,"href":"https:\/\/biodorcontrol.es\/shop\/en\/wp-json\/wp\/v2\/product_cat?post=1579"},{"taxonomy":"product_tag","embeddable":true,"href":"https:\/\/biodorcontrol.es\/shop\/en\/wp-json\/wp\/v2\/product_tag?post=1579"}],"curies":[{"name":"wp","href":"https:\/\/api.w.org\/{rel}","templated":true}]}}