{"id":2776,"date":"2024-12-02T15:03:29","date_gmt":"2024-12-02T14:03:29","guid":{"rendered":"https:\/\/biodorcontrol.es\/shop\/?page_id=2776"},"modified":"2025-05-13T09:13:57","modified_gmt":"2025-05-13T07:13:57","slug":"biopulcher-cnb","status":"publish","type":"page","link":"https:\/\/biodorcontrol.es\/shop\/biopulcher-cnb\/","title":{"rendered":"Biopulcher CNB"},"content":{"rendered":"\t\t<div data-elementor-type=\"wp-page\" data-elementor-id=\"2776\" class=\"elementor elementor-2776\" data-elementor-post-type=\"page\">\n\t\t\t\t\t\t<section class=\"elementor-section elementor-top-section elementor-element elementor-element-50be86f elementor-section-full_width elementor-section-height-default elementor-section-height-default elementor-invisible\" data-id=\"50be86f\" data-element_type=\"section\" data-e-type=\"section\" data-settings=\"{&quot;background_background&quot;:&quot;classic&quot;,&quot;animation&quot;:&quot;fadeIn&quot;}\">\n\t\t\t\t\t\t\t<div class=\"elementor-background-overlay\"><\/div>\n\t\t\t\t\t\t\t<div class=\"elementor-container elementor-column-gap-no\">\n\t\t\t\t\t<div class=\"elementor-column elementor-col-100 elementor-top-column elementor-element elementor-element-97f788a\" data-id=\"97f788a\" data-element_type=\"column\" data-e-type=\"column\">\n\t\t\t<div class=\"elementor-widget-wrap elementor-element-populated\">\n\t\t\t\t\t\t<div class=\"elementor-element elementor-element-7f7af22 elementor-widget elementor-widget-heading\" data-id=\"7f7af22\" data-element_type=\"widget\" data-e-type=\"widget\" data-widget_type=\"heading.default\">\n\t\t\t\t<div class=\"elementor-widget-container\">\n\t\t\t\t\t<h2 class=\"elementor-heading-title elementor-size-default\">Biopulcher CNB\n<\/h2>\t\t\t\t<\/div>\n\t\t\t\t<\/div>\n\t\t\t\t\t<\/div>\n\t\t<\/div>\n\t\t\t\t\t<\/div>\n\t\t<\/section>\n\t\t\t\t<section class=\"elementor-section elementor-top-section elementor-element elementor-element-5ad80f1 elementor-section-boxed elementor-section-height-default elementor-section-height-default elementor-invisible\" data-id=\"5ad80f1\" data-element_type=\"section\" data-e-type=\"section\" id=\"cnb\" data-settings=\"{&quot;background_background&quot;:&quot;classic&quot;,&quot;animation&quot;:&quot;fadeIn&quot;}\">\n\t\t\t\t\t\t\t<div class=\"elementor-background-overlay\"><\/div>\n\t\t\t\t\t\t\t<div class=\"elementor-container elementor-column-gap-no\">\n\t\t\t\t\t<div class=\"elementor-column elementor-col-50 elementor-top-column elementor-element elementor-element-a6989b8\" data-id=\"a6989b8\" data-element_type=\"column\" data-e-type=\"column\">\n\t\t\t<div class=\"elementor-widget-wrap elementor-element-populated\">\n\t\t\t\t\t\t<div class=\"elementor-element elementor-element-6e4b092 elementor-widget elementor-widget-image\" data-id=\"6e4b092\" data-element_type=\"widget\" data-e-type=\"widget\" data-widget_type=\"image.default\">\n\t\t\t\t<div class=\"elementor-widget-container\">\n\t\t\t\t\t\t\t\t\t\t\t\t\t\t\t<img fetchpriority=\"high\" decoding=\"async\" width=\"800\" height=\"800\" src=\"https:\/\/biodorcontrol.es\/shop\/wp-content\/uploads\/2025\/05\/cnb-shop-2.jpg\" class=\"attachment-large size-large wp-image-3081\" alt=\"\" srcset=\"https:\/\/biodorcontrol.es\/shop\/wp-content\/uploads\/2025\/05\/cnb-shop-2.jpg 800w, https:\/\/biodorcontrol.es\/shop\/wp-content\/uploads\/2025\/05\/cnb-shop-2-300x300.jpg 300w, https:\/\/biodorcontrol.es\/shop\/wp-content\/uploads\/2025\/05\/cnb-shop-2-150x150.jpg 150w, https:\/\/biodorcontrol.es\/shop\/wp-content\/uploads\/2025\/05\/cnb-shop-2-768x768.jpg 768w, https:\/\/biodorcontrol.es\/shop\/wp-content\/uploads\/2025\/05\/cnb-shop-2-600x600.jpg 600w, https:\/\/biodorcontrol.es\/shop\/wp-content\/uploads\/2025\/05\/cnb-shop-2-100x100.jpg 100w\" sizes=\"(max-width: 800px) 100vw, 800px\" \/>\t\t\t\t\t\t\t\t\t\t\t\t\t\t\t<\/div>\n\t\t\t\t<\/div>\n\t\t\t\t\t<\/div>\n\t\t<\/div>\n\t\t\t\t<div class=\"elementor-column elementor-col-50 elementor-top-column elementor-element elementor-element-cb02880\" data-id=\"cb02880\" data-element_type=\"column\" data-e-type=\"column\">\n\t\t\t<div class=\"elementor-widget-wrap elementor-element-populated\">\n\t\t\t\t\t\t<div class=\"elementor-element elementor-element-b04a610 elementor-widget elementor-widget-text-editor\" data-id=\"b04a610\" data-element_type=\"widget\" data-e-type=\"widget\" data-widget_type=\"text-editor.default\">\n\t\t\t\t<div class=\"elementor-widget-container\">\n\t\t\t\t\t\t\t\t\t<p><strong>Biopulcher CNB<\/strong> es un gel dise\u00f1ado para <strong>eliminar olores intensos en espacios cerrados<\/strong>, dejando el ambiente limpio y fresco durante semanas.<br \/><strong>No disfraza el olor, lo elimina de ra\u00edz<\/strong> gracias a su f\u00f3rmula \u00fanica que act\u00faa de forma continua.<\/p><p>Disponible en dos versiones:<br \/><strong>Neutra,<\/strong> pensada para quienes buscan la menor presencia arom\u00e1tica posible, y<br \/><strong>Eucalipto,<\/strong> que aporta un toque fresco y suave mientras neutraliza los olores.<\/p><p>Formatos disponibles: <strong>33g, 200g y 800g.<\/strong><\/p>\t\t\t\t\t\t\t\t<\/div>\n\t\t\t\t<\/div>\n\t\t\t\t\t<\/div>\n\t\t<\/div>\n\t\t\t\t\t<\/div>\n\t\t<\/section>\n\t\t\t\t<section class=\"elementor-section elementor-top-section elementor-element elementor-element-636b05b elementor-section-boxed elementor-section-height-default elementor-section-height-default elementor-invisible\" data-id=\"636b05b\" data-element_type=\"section\" data-e-type=\"section\" data-settings=\"{&quot;background_background&quot;:&quot;classic&quot;,&quot;animation&quot;:&quot;fadeIn&quot;}\">\n\t\t\t\t\t\t\t<div class=\"elementor-background-overlay\"><\/div>\n\t\t\t\t\t\t\t<div class=\"elementor-container elementor-column-gap-no\">\n\t\t\t\t\t<div class=\"elementor-column elementor-col-100 elementor-top-column elementor-element elementor-element-baf7e61\" data-id=\"baf7e61\" data-element_type=\"column\" data-e-type=\"column\">\n\t\t\t<div class=\"elementor-widget-wrap elementor-element-populated\">\n\t\t\t\t\t\t<div class=\"elementor-element elementor-element-efb3206 elementor-widget elementor-widget-heading\" data-id=\"efb3206\" data-element_type=\"widget\" data-e-type=\"widget\" data-widget_type=\"heading.default\">\n\t\t\t\t<div class=\"elementor-widget-container\">\n\t\t\t\t\t<h3 class=\"elementor-heading-title elementor-size-default\">Todos los formatos Biopulcher CNB<\/h3>\t\t\t\t<\/div>\n\t\t\t\t<\/div>\n\t\t\t\t<div class=\"elementor-element elementor-element-6f061c7 elementor-grid-mobile-1 elementor-product-loop-item--align-center elementor-grid-4 elementor-grid-tablet-3 elementor-products-grid elementor-wc-products elementor-widget elementor-widget-woocommerce-products\" data-id=\"6f061c7\" data-element_type=\"widget\" data-e-type=\"widget\" data-widget_type=\"woocommerce-products.default\">\n\t\t\t\t<div class=\"elementor-widget-container\">\n\t\t\t\t\t<div class=\"woocommerce columns-4 \"><ul class=\"products elementor-grid columns-4\">\n<li class=\"product type-product post-104 status-publish first instock product_cat-33gr product_cat-geles-antiolor has-post-thumbnail taxable shipping-taxable purchasable product-type-simple\">\n\t<a href=\"https:\/\/biodorcontrol.es\/shop\/product\/biopulcher-cnb-eucalipto\/\" class=\"woocommerce-LoopProduct-link woocommerce-loop-product__link\"><img decoding=\"async\" width=\"300\" height=\"300\" src=\"https:\/\/biodorcontrol.es\/shop\/wp-content\/uploads\/2024\/02\/Biodor-control-cnb-eucalipto-ES-2-300x300.jpg\" class=\"attachment-woocommerce_thumbnail size-woocommerce_thumbnail\" alt=\"Biopulcher CNB  Eucalipto\" srcset=\"https:\/\/biodorcontrol.es\/shop\/wp-content\/uploads\/2024\/02\/Biodor-control-cnb-eucalipto-ES-2-300x300.jpg 300w, https:\/\/biodorcontrol.es\/shop\/wp-content\/uploads\/2024\/02\/Biodor-control-cnb-eucalipto-ES-2-150x150.jpg 150w, https:\/\/biodorcontrol.es\/shop\/wp-content\/uploads\/2024\/02\/Biodor-control-cnb-eucalipto-ES-2-768x768.jpg 768w, https:\/\/biodorcontrol.es\/shop\/wp-content\/uploads\/2024\/02\/Biodor-control-cnb-eucalipto-ES-2-600x600.jpg 600w, https:\/\/biodorcontrol.es\/shop\/wp-content\/uploads\/2024\/02\/Biodor-control-cnb-eucalipto-ES-2-100x100.jpg 100w, https:\/\/biodorcontrol.es\/shop\/wp-content\/uploads\/2024\/02\/Biodor-control-cnb-eucalipto-ES-2.jpg 800w\" sizes=\"(max-width: 300px) 100vw, 300px\" \/><h2 class=\"woocommerce-loop-product__title\">Biopulcher CNB  Eucalipto<\/h2>\n\t<span class=\"price\"><span class=\"woocommerce-Price-amount amount\"><bdi>14,98&nbsp;<span class=\"woocommerce-Price-currencySymbol\">&euro;<\/span><\/bdi><\/span><\/span>\n<\/a><a href=\"\/shop\/wp-json\/wp\/v2\/pages\/2776?add-to-cart=104\" aria-describedby=\"woocommerce_loop_add_to_cart_link_describedby_104\" data-quantity=\"1\" class=\"button product_type_simple add_to_cart_button ajax_add_to_cart\" data-product_id=\"104\" data-product_sku=\"\" aria-label=\"A\u00f1adir al carrito: &ldquo;Biopulcher CNB  Eucalipto&rdquo;\" rel=\"nofollow\" data-success_message=\"\u00abBiopulcher CNB  Eucalipto\u00bb se ha a\u00f1adido a tu carrito\">A\u00f1adir al carrito<\/a>\t<span id=\"woocommerce_loop_add_to_cart_link_describedby_104\" class=\"screen-reader-text\">\n\t\t\t<\/span>\n<\/li>\n<li class=\"product type-product post-100 status-publish instock product_cat-33gr product_cat-geles-antiolor has-post-thumbnail taxable shipping-taxable purchasable product-type-simple\">\n\t<a href=\"https:\/\/biodorcontrol.es\/shop\/product\/biopulcher-cnb-neutral\/\" class=\"woocommerce-LoopProduct-link woocommerce-loop-product__link\"><img decoding=\"async\" width=\"300\" height=\"300\" src=\"https:\/\/biodorcontrol.es\/shop\/wp-content\/uploads\/2024\/02\/Biodor-control-cnb-neutro-ES-2-300x300.jpg\" class=\"attachment-woocommerce_thumbnail size-woocommerce_thumbnail\" alt=\"Biopulcher CNB Neutro\" srcset=\"https:\/\/biodorcontrol.es\/shop\/wp-content\/uploads\/2024\/02\/Biodor-control-cnb-neutro-ES-2-300x300.jpg 300w, https:\/\/biodorcontrol.es\/shop\/wp-content\/uploads\/2024\/02\/Biodor-control-cnb-neutro-ES-2-150x150.jpg 150w, https:\/\/biodorcontrol.es\/shop\/wp-content\/uploads\/2024\/02\/Biodor-control-cnb-neutro-ES-2-768x768.jpg 768w, https:\/\/biodorcontrol.es\/shop\/wp-content\/uploads\/2024\/02\/Biodor-control-cnb-neutro-ES-2-600x600.jpg 600w, https:\/\/biodorcontrol.es\/shop\/wp-content\/uploads\/2024\/02\/Biodor-control-cnb-neutro-ES-2-100x100.jpg 100w, https:\/\/biodorcontrol.es\/shop\/wp-content\/uploads\/2024\/02\/Biodor-control-cnb-neutro-ES-2.jpg 800w\" sizes=\"(max-width: 300px) 100vw, 300px\" \/><h2 class=\"woocommerce-loop-product__title\">Biopulcher CNB Neutro<\/h2>\n\t<span class=\"price\"><span class=\"woocommerce-Price-amount amount\"><bdi>14,98&nbsp;<span class=\"woocommerce-Price-currencySymbol\">&euro;<\/span><\/bdi><\/span><\/span>\n<\/a><a href=\"\/shop\/wp-json\/wp\/v2\/pages\/2776?add-to-cart=100\" aria-describedby=\"woocommerce_loop_add_to_cart_link_describedby_100\" data-quantity=\"1\" class=\"button product_type_simple add_to_cart_button ajax_add_to_cart\" data-product_id=\"100\" data-product_sku=\"\" aria-label=\"A\u00f1adir al carrito: &ldquo;Biopulcher CNB Neutro&rdquo;\" rel=\"nofollow\" data-success_message=\"\u00abBiopulcher CNB Neutro\u00bb se ha a\u00f1adido a tu carrito\">A\u00f1adir al carrito<\/a>\t<span id=\"woocommerce_loop_add_to_cart_link_describedby_100\" class=\"screen-reader-text\">\n\t\t\t<\/span>\n<\/li>\n<li class=\"product type-product post-2066 status-publish instock product_cat-33gr product_cat-geles-antiolor has-post-thumbnail sale taxable shipping-taxable purchasable product-type-simple\">\n\t<a href=\"https:\/\/biodorcontrol.es\/shop\/product\/cnb-neutro-eucalipto-33gr\/\" class=\"woocommerce-LoopProduct-link woocommerce-loop-product__link\">\n\t<span class=\"onsale\">\u00a1Oferta!<\/span>\n\t<img loading=\"lazy\" decoding=\"async\" width=\"300\" height=\"300\" src=\"https:\/\/biodorcontrol.es\/shop\/wp-content\/uploads\/2024\/07\/home-en-5-2-300x300.jpeg\" class=\"attachment-woocommerce_thumbnail size-woocommerce_thumbnail\" alt=\"CNB Neutro + Eucalipto 33gr\" srcset=\"https:\/\/biodorcontrol.es\/shop\/wp-content\/uploads\/2024\/07\/home-en-5-2-300x300.jpeg 300w, https:\/\/biodorcontrol.es\/shop\/wp-content\/uploads\/2024\/07\/home-en-5-2-150x150.jpeg 150w, https:\/\/biodorcontrol.es\/shop\/wp-content\/uploads\/2024\/07\/home-en-5-2-768x768.jpeg 768w, https:\/\/biodorcontrol.es\/shop\/wp-content\/uploads\/2024\/07\/home-en-5-2-600x600.jpeg 600w, https:\/\/biodorcontrol.es\/shop\/wp-content\/uploads\/2024\/07\/home-en-5-2-100x100.jpeg 100w, https:\/\/biodorcontrol.es\/shop\/wp-content\/uploads\/2024\/07\/home-en-5-2.jpeg 800w\" sizes=\"(max-width: 300px) 100vw, 300px\" \/><h2 class=\"woocommerce-loop-product__title\">CNB Neutro + Eucalipto 33gr<\/h2>\n\t<span class=\"price\"><del aria-hidden=\"true\"><span class=\"woocommerce-Price-amount amount\"><bdi>29,96&nbsp;<span class=\"woocommerce-Price-currencySymbol\">&euro;<\/span><\/bdi><\/span><\/del> <span class=\"screen-reader-text\">El precio original era: 29,96&nbsp;&euro;.<\/span><ins aria-hidden=\"true\"><span class=\"woocommerce-Price-amount amount\"><bdi>23,97&nbsp;<span class=\"woocommerce-Price-currencySymbol\">&euro;<\/span><\/bdi><\/span><\/ins><span class=\"screen-reader-text\">El precio actual es: 23,97&nbsp;&euro;.<\/span><\/span>\n<\/a><a href=\"\/shop\/wp-json\/wp\/v2\/pages\/2776?add-to-cart=2066\" aria-describedby=\"woocommerce_loop_add_to_cart_link_describedby_2066\" data-quantity=\"1\" class=\"button product_type_simple add_to_cart_button ajax_add_to_cart\" data-product_id=\"2066\" data-product_sku=\"\" aria-label=\"A\u00f1adir al carrito: &ldquo;CNB Neutro + Eucalipto 33gr&rdquo;\" rel=\"nofollow\" data-success_message=\"\u00abCNB Neutro + Eucalipto 33gr\u00bb se ha a\u00f1adido a tu carrito\">A\u00f1adir al carrito<\/a>\t<span id=\"woocommerce_loop_add_to_cart_link_describedby_2066\" class=\"screen-reader-text\">\n\t\t\t<\/span>\n<\/li>\n<li class=\"product type-product post-1345 status-publish last instock product_cat-200gr product_cat-geles-antiolor has-post-thumbnail taxable shipping-taxable purchasable product-type-simple\">\n\t<a href=\"https:\/\/biodorcontrol.es\/shop\/product\/biopulcher-cnb-eucalipto-200\/\" class=\"woocommerce-LoopProduct-link woocommerce-loop-product__link\"><img loading=\"lazy\" decoding=\"async\" width=\"300\" height=\"300\" src=\"https:\/\/biodorcontrol.es\/shop\/wp-content\/uploads\/2024\/02\/Biodor-control-cnb-200-ES-eucalipto-300x300.jpg\" class=\"attachment-woocommerce_thumbnail size-woocommerce_thumbnail\" alt=\"Biopulcher CNB Eucalipto 200gr\" srcset=\"https:\/\/biodorcontrol.es\/shop\/wp-content\/uploads\/2024\/02\/Biodor-control-cnb-200-ES-eucalipto-300x300.jpg 300w, https:\/\/biodorcontrol.es\/shop\/wp-content\/uploads\/2024\/02\/Biodor-control-cnb-200-ES-eucalipto-150x150.jpg 150w, https:\/\/biodorcontrol.es\/shop\/wp-content\/uploads\/2024\/02\/Biodor-control-cnb-200-ES-eucalipto-768x768.jpg 768w, https:\/\/biodorcontrol.es\/shop\/wp-content\/uploads\/2024\/02\/Biodor-control-cnb-200-ES-eucalipto-600x600.jpg 600w, https:\/\/biodorcontrol.es\/shop\/wp-content\/uploads\/2024\/02\/Biodor-control-cnb-200-ES-eucalipto-100x100.jpg 100w, https:\/\/biodorcontrol.es\/shop\/wp-content\/uploads\/2024\/02\/Biodor-control-cnb-200-ES-eucalipto.jpg 800w\" sizes=\"(max-width: 300px) 100vw, 300px\" \/><h2 class=\"woocommerce-loop-product__title\">Biopulcher CNB Eucalipto 200gr<\/h2>\n\t<span class=\"price\"><span class=\"woocommerce-Price-amount amount\"><bdi>39,89&nbsp;<span class=\"woocommerce-Price-currencySymbol\">&euro;<\/span><\/bdi><\/span><\/span>\n<\/a><a href=\"\/shop\/wp-json\/wp\/v2\/pages\/2776?add-to-cart=1345\" aria-describedby=\"woocommerce_loop_add_to_cart_link_describedby_1345\" data-quantity=\"1\" class=\"button product_type_simple add_to_cart_button ajax_add_to_cart\" data-product_id=\"1345\" data-product_sku=\"\" aria-label=\"A\u00f1adir al carrito: &ldquo;Biopulcher CNB Eucalipto 200gr&rdquo;\" rel=\"nofollow\" data-success_message=\"\u00abBiopulcher CNB Eucalipto 200gr\u00bb se ha a\u00f1adido a tu carrito\">A\u00f1adir al carrito<\/a>\t<span id=\"woocommerce_loop_add_to_cart_link_describedby_1345\" class=\"screen-reader-text\">\n\t\t\t<\/span>\n<\/li>\n<li class=\"product type-product post-1504 status-publish first instock product_cat-200gr product_cat-geles-antiolor has-post-thumbnail taxable shipping-taxable purchasable product-type-simple\">\n\t<a href=\"https:\/\/biodorcontrol.es\/shop\/product\/biopulcher-cnb-neutro-200\/\" class=\"woocommerce-LoopProduct-link woocommerce-loop-product__link\"><img loading=\"lazy\" decoding=\"async\" width=\"300\" height=\"300\" src=\"https:\/\/biodorcontrol.es\/shop\/wp-content\/uploads\/2024\/02\/Biodor-control-cnb-200-ES-neutro-300x300.jpg\" class=\"attachment-woocommerce_thumbnail size-woocommerce_thumbnail\" alt=\"Biopulcher CNB Neutro 200gr\" srcset=\"https:\/\/biodorcontrol.es\/shop\/wp-content\/uploads\/2024\/02\/Biodor-control-cnb-200-ES-neutro-300x300.jpg 300w, https:\/\/biodorcontrol.es\/shop\/wp-content\/uploads\/2024\/02\/Biodor-control-cnb-200-ES-neutro-150x150.jpg 150w, https:\/\/biodorcontrol.es\/shop\/wp-content\/uploads\/2024\/02\/Biodor-control-cnb-200-ES-neutro-768x768.jpg 768w, https:\/\/biodorcontrol.es\/shop\/wp-content\/uploads\/2024\/02\/Biodor-control-cnb-200-ES-neutro-600x600.jpg 600w, https:\/\/biodorcontrol.es\/shop\/wp-content\/uploads\/2024\/02\/Biodor-control-cnb-200-ES-neutro-100x100.jpg 100w, https:\/\/biodorcontrol.es\/shop\/wp-content\/uploads\/2024\/02\/Biodor-control-cnb-200-ES-neutro.jpg 800w\" sizes=\"(max-width: 300px) 100vw, 300px\" \/><h2 class=\"woocommerce-loop-product__title\">Biopulcher CNB Neutro 200gr<\/h2>\n\t<span class=\"price\"><span class=\"woocommerce-Price-amount amount\"><bdi>39,89&nbsp;<span class=\"woocommerce-Price-currencySymbol\">&euro;<\/span><\/bdi><\/span><\/span>\n<\/a><a href=\"\/shop\/wp-json\/wp\/v2\/pages\/2776?add-to-cart=1504\" aria-describedby=\"woocommerce_loop_add_to_cart_link_describedby_1504\" data-quantity=\"1\" class=\"button product_type_simple add_to_cart_button ajax_add_to_cart\" data-product_id=\"1504\" data-product_sku=\"\" aria-label=\"A\u00f1adir al carrito: &ldquo;Biopulcher CNB Neutro 200gr&rdquo;\" rel=\"nofollow\" data-success_message=\"\u00abBiopulcher CNB Neutro 200gr\u00bb se ha a\u00f1adido a tu carrito\">A\u00f1adir al carrito<\/a>\t<span id=\"woocommerce_loop_add_to_cart_link_describedby_1504\" class=\"screen-reader-text\">\n\t\t\t<\/span>\n<\/li>\n<li class=\"product type-product post-1532 status-publish instock product_cat-800gr product_cat-geles-antiolor has-post-thumbnail taxable shipping-taxable purchasable product-type-simple\">\n\t<a href=\"https:\/\/biodorcontrol.es\/shop\/product\/biopulcher-cnb-eucalipto-800\/\" class=\"woocommerce-LoopProduct-link woocommerce-loop-product__link\"><img loading=\"lazy\" decoding=\"async\" width=\"300\" height=\"300\" src=\"https:\/\/biodorcontrol.es\/shop\/wp-content\/uploads\/2024\/02\/Biodor-control-cnb-800-ES-EUCA-300x300.jpg\" class=\"attachment-woocommerce_thumbnail size-woocommerce_thumbnail\" alt=\"Biopulcher CNB Eucalipto 800gr\" srcset=\"https:\/\/biodorcontrol.es\/shop\/wp-content\/uploads\/2024\/02\/Biodor-control-cnb-800-ES-EUCA-300x300.jpg 300w, https:\/\/biodorcontrol.es\/shop\/wp-content\/uploads\/2024\/02\/Biodor-control-cnb-800-ES-EUCA-150x150.jpg 150w, https:\/\/biodorcontrol.es\/shop\/wp-content\/uploads\/2024\/02\/Biodor-control-cnb-800-ES-EUCA-768x768.jpg 768w, https:\/\/biodorcontrol.es\/shop\/wp-content\/uploads\/2024\/02\/Biodor-control-cnb-800-ES-EUCA-600x600.jpg 600w, https:\/\/biodorcontrol.es\/shop\/wp-content\/uploads\/2024\/02\/Biodor-control-cnb-800-ES-EUCA-100x100.jpg 100w, https:\/\/biodorcontrol.es\/shop\/wp-content\/uploads\/2024\/02\/Biodor-control-cnb-800-ES-EUCA.jpg 800w\" sizes=\"(max-width: 300px) 100vw, 300px\" \/><h2 class=\"woocommerce-loop-product__title\">Biopulcher CNB Eucalipto 800gr<\/h2>\n\t<span class=\"price\"><span class=\"woocommerce-Price-amount amount\"><bdi>129,45&nbsp;<span class=\"woocommerce-Price-currencySymbol\">&euro;<\/span><\/bdi><\/span><\/span>\n<\/a><a href=\"\/shop\/wp-json\/wp\/v2\/pages\/2776?add-to-cart=1532\" aria-describedby=\"woocommerce_loop_add_to_cart_link_describedby_1532\" data-quantity=\"1\" class=\"button product_type_simple add_to_cart_button ajax_add_to_cart\" data-product_id=\"1532\" data-product_sku=\"\" aria-label=\"A\u00f1adir al carrito: &ldquo;Biopulcher CNB Eucalipto 800gr&rdquo;\" rel=\"nofollow\" data-success_message=\"\u00abBiopulcher CNB Eucalipto 800gr\u00bb se ha a\u00f1adido a tu carrito\">A\u00f1adir al carrito<\/a>\t<span id=\"woocommerce_loop_add_to_cart_link_describedby_1532\" class=\"screen-reader-text\">\n\t\t\t<\/span>\n<\/li>\n<li class=\"product type-product post-1534 status-publish instock product_cat-800gr product_cat-geles-antiolor has-post-thumbnail taxable shipping-taxable purchasable product-type-simple\">\n\t<a href=\"https:\/\/biodorcontrol.es\/shop\/product\/biopulcher-cnb-neutro-800\/\" class=\"woocommerce-LoopProduct-link woocommerce-loop-product__link\"><img loading=\"lazy\" decoding=\"async\" width=\"300\" height=\"300\" src=\"https:\/\/biodorcontrol.es\/shop\/wp-content\/uploads\/2024\/02\/Biodor-control-cnb-800-ES-neutro-300x300.jpg\" class=\"attachment-woocommerce_thumbnail size-woocommerce_thumbnail\" alt=\"Biopulcher CNB Neutro 800gr\" srcset=\"https:\/\/biodorcontrol.es\/shop\/wp-content\/uploads\/2024\/02\/Biodor-control-cnb-800-ES-neutro-300x300.jpg 300w, https:\/\/biodorcontrol.es\/shop\/wp-content\/uploads\/2024\/02\/Biodor-control-cnb-800-ES-neutro-150x150.jpg 150w, https:\/\/biodorcontrol.es\/shop\/wp-content\/uploads\/2024\/02\/Biodor-control-cnb-800-ES-neutro-768x768.jpg 768w, https:\/\/biodorcontrol.es\/shop\/wp-content\/uploads\/2024\/02\/Biodor-control-cnb-800-ES-neutro-600x600.jpg 600w, https:\/\/biodorcontrol.es\/shop\/wp-content\/uploads\/2024\/02\/Biodor-control-cnb-800-ES-neutro-100x100.jpg 100w, https:\/\/biodorcontrol.es\/shop\/wp-content\/uploads\/2024\/02\/Biodor-control-cnb-800-ES-neutro.jpg 800w\" sizes=\"(max-width: 300px) 100vw, 300px\" \/><h2 class=\"woocommerce-loop-product__title\">Biopulcher CNB Neutro 800gr<\/h2>\n\t<span class=\"price\"><span class=\"woocommerce-Price-amount amount\"><bdi>129,45&nbsp;<span class=\"woocommerce-Price-currencySymbol\">&euro;<\/span><\/bdi><\/span><\/span>\n<\/a><a href=\"\/shop\/wp-json\/wp\/v2\/pages\/2776?add-to-cart=1534\" aria-describedby=\"woocommerce_loop_add_to_cart_link_describedby_1534\" data-quantity=\"1\" class=\"button product_type_simple add_to_cart_button ajax_add_to_cart\" data-product_id=\"1534\" data-product_sku=\"\" aria-label=\"A\u00f1adir al carrito: &ldquo;Biopulcher CNB Neutro 800gr&rdquo;\" rel=\"nofollow\" data-success_message=\"\u00abBiopulcher CNB Neutro 800gr\u00bb se ha a\u00f1adido a tu carrito\">A\u00f1adir al carrito<\/a>\t<span id=\"woocommerce_loop_add_to_cart_link_describedby_1534\" class=\"screen-reader-text\">\n\t\t\t<\/span>\n<\/li>\n<\/ul>\n<\/div>\t\t\t\t<\/div>\n\t\t\t\t<\/div>\n\t\t\t\t\t<\/div>\n\t\t<\/div>\n\t\t\t\t\t<\/div>\n\t\t<\/section>\n\t\t\t\t<\/div>\n\t\t","protected":false},"excerpt":{"rendered":"<p>Biopulcher CNB Biopulcher CNB es un gel dise\u00f1ado para eliminar olores intensos en espacios cerrados, dejando el ambiente limpio y fresco durante semanas.No disfraza el olor, lo elimina de ra\u00edz gracias a su f\u00f3rmula \u00fanica que act\u00faa de forma continua. Disponible en dos versiones:Neutra, pensada para quienes buscan la menor presencia arom\u00e1tica posible, yEucalipto, que [&hellip;]<\/p>\n","protected":false},"author":1,"featured_media":2068,"parent":0,"menu_order":0,"comment_status":"closed","ping_status":"closed","template":"","meta":{"_seopress_robots_primary_cat":"","_seopress_titles_title":"Biodor Control CNB - Biopulcher CNB - Neutralizador de olores","_seopress_titles_desc":"Biopulcher CNB est\u00e1 especialmente dise\u00f1ado para la industria de tabaco y el cannabis medicinal. Elimina completamente el olor en lugar de enmascararlo.","_seopress_robots_index":"","footnotes":""},"class_list":["post-2776","page","type-page","status-publish","has-post-thumbnail","hentry"],"_links":{"self":[{"href":"https:\/\/biodorcontrol.es\/shop\/wp-json\/wp\/v2\/pages\/2776","targetHints":{"allow":["GET"]}}],"collection":[{"href":"https:\/\/biodorcontrol.es\/shop\/wp-json\/wp\/v2\/pages"}],"about":[{"href":"https:\/\/biodorcontrol.es\/shop\/wp-json\/wp\/v2\/types\/page"}],"author":[{"embeddable":true,"href":"https:\/\/biodorcontrol.es\/shop\/wp-json\/wp\/v2\/users\/1"}],"replies":[{"embeddable":true,"href":"https:\/\/biodorcontrol.es\/shop\/wp-json\/wp\/v2\/comments?post=2776"}],"version-history":[{"count":37,"href":"https:\/\/biodorcontrol.es\/shop\/wp-json\/wp\/v2\/pages\/2776\/revisions"}],"predecessor-version":[{"id":3110,"href":"https:\/\/biodorcontrol.es\/shop\/wp-json\/wp\/v2\/pages\/2776\/revisions\/3110"}],"wp:featuredmedia":[{"embeddable":true,"href":"https:\/\/biodorcontrol.es\/shop\/wp-json\/wp\/v2\/media\/2068"}],"wp:attachment":[{"href":"https:\/\/biodorcontrol.es\/shop\/wp-json\/wp\/v2\/media?parent=2776"}],"curies":[{"name":"wp","href":"https:\/\/api.w.org\/{rel}","templated":true}]}}