{"id":2801,"date":"2024-12-03T09:20:54","date_gmt":"2024-12-03T08:20:54","guid":{"rendered":"https:\/\/biodorcontrol.es\/shop\/?page_id=2801"},"modified":"2025-05-13T09:38:11","modified_gmt":"2025-05-13T07:38:11","slug":"biopulcher-max","status":"publish","type":"page","link":"https:\/\/biodorcontrol.es\/shop\/biopulcher-max\/","title":{"rendered":"Biopulcher MAX"},"content":{"rendered":"\t\t<div data-elementor-type=\"wp-page\" data-elementor-id=\"2801\" class=\"elementor elementor-2801\" data-elementor-post-type=\"page\">\n\t\t\t\t\t\t<section class=\"elementor-section elementor-top-section elementor-element elementor-element-b57f81b elementor-section-full_width elementor-section-height-default elementor-section-height-default elementor-invisible\" data-id=\"b57f81b\" data-element_type=\"section\" data-e-type=\"section\" data-settings=\"{&quot;background_background&quot;:&quot;classic&quot;,&quot;animation&quot;:&quot;fadeIn&quot;}\">\n\t\t\t\t\t\t\t<div class=\"elementor-background-overlay\"><\/div>\n\t\t\t\t\t\t\t<div class=\"elementor-container elementor-column-gap-no\">\n\t\t\t\t\t<div class=\"elementor-column elementor-col-100 elementor-top-column elementor-element elementor-element-c511a5d\" data-id=\"c511a5d\" data-element_type=\"column\" data-e-type=\"column\">\n\t\t\t<div class=\"elementor-widget-wrap elementor-element-populated\">\n\t\t\t\t\t\t<div class=\"elementor-element elementor-element-08a4d4f elementor-widget elementor-widget-heading\" data-id=\"08a4d4f\" data-element_type=\"widget\" data-e-type=\"widget\" data-widget_type=\"heading.default\">\n\t\t\t\t<div class=\"elementor-widget-container\">\n\t\t\t\t\t<h2 class=\"elementor-heading-title elementor-size-default\">Biopulcher MAX\n<\/h2>\t\t\t\t<\/div>\n\t\t\t\t<\/div>\n\t\t\t\t\t<\/div>\n\t\t<\/div>\n\t\t\t\t\t<\/div>\n\t\t<\/section>\n\t\t\t\t<section class=\"elementor-section elementor-top-section elementor-element elementor-element-813c5c4 elementor-section-boxed elementor-section-height-default elementor-section-height-default elementor-invisible\" data-id=\"813c5c4\" data-element_type=\"section\" data-e-type=\"section\" id=\"max\" data-settings=\"{&quot;background_background&quot;:&quot;classic&quot;,&quot;animation&quot;:&quot;fadeIn&quot;}\">\n\t\t\t\t\t\t\t<div class=\"elementor-background-overlay\"><\/div>\n\t\t\t\t\t\t\t<div class=\"elementor-container elementor-column-gap-no\">\n\t\t\t\t\t<div class=\"elementor-column elementor-col-50 elementor-top-column elementor-element elementor-element-7b06e77\" data-id=\"7b06e77\" data-element_type=\"column\" data-e-type=\"column\">\n\t\t\t<div class=\"elementor-widget-wrap elementor-element-populated\">\n\t\t\t\t\t\t<div class=\"elementor-element elementor-element-c326ae7 elementor-widget elementor-widget-image\" data-id=\"c326ae7\" data-element_type=\"widget\" data-e-type=\"widget\" data-widget_type=\"image.default\">\n\t\t\t\t<div class=\"elementor-widget-container\">\n\t\t\t\t\t\t\t\t\t\t\t\t\t\t\t<img fetchpriority=\"high\" decoding=\"async\" width=\"800\" height=\"800\" src=\"https:\/\/biodorcontrol.es\/shop\/wp-content\/uploads\/2025\/05\/max-en-shop-2.jpg\" class=\"attachment-large size-large wp-image-3083\" alt=\"\" srcset=\"https:\/\/biodorcontrol.es\/shop\/wp-content\/uploads\/2025\/05\/max-en-shop-2.jpg 800w, https:\/\/biodorcontrol.es\/shop\/wp-content\/uploads\/2025\/05\/max-en-shop-2-300x300.jpg 300w, https:\/\/biodorcontrol.es\/shop\/wp-content\/uploads\/2025\/05\/max-en-shop-2-150x150.jpg 150w, https:\/\/biodorcontrol.es\/shop\/wp-content\/uploads\/2025\/05\/max-en-shop-2-768x768.jpg 768w, https:\/\/biodorcontrol.es\/shop\/wp-content\/uploads\/2025\/05\/max-en-shop-2-600x600.jpg 600w, https:\/\/biodorcontrol.es\/shop\/wp-content\/uploads\/2025\/05\/max-en-shop-2-100x100.jpg 100w\" sizes=\"(max-width: 800px) 100vw, 800px\" \/>\t\t\t\t\t\t\t\t\t\t\t\t\t\t\t<\/div>\n\t\t\t\t<\/div>\n\t\t\t\t\t<\/div>\n\t\t<\/div>\n\t\t\t\t<div class=\"elementor-column elementor-col-50 elementor-top-column elementor-element elementor-element-d2c882d\" data-id=\"d2c882d\" data-element_type=\"column\" data-e-type=\"column\">\n\t\t\t<div class=\"elementor-widget-wrap elementor-element-populated\">\n\t\t\t\t\t\t<div class=\"elementor-element elementor-element-7714672 elementor-widget elementor-widget-text-editor\" data-id=\"7714672\" data-element_type=\"widget\" data-e-type=\"widget\" data-widget_type=\"text-editor.default\">\n\t\t\t\t<div class=\"elementor-widget-container\">\n\t\t\t\t\t\t\t\t\t<p><strong>Biopulcher MAX\u00a0<\/strong>es un neutralizador de olores muy eficaz, especialmente dise\u00f1ado para eliminar los olores m\u00e1s intensos, como:\u00a0<strong>Fecales, bajantes, fosas, putrefacci\u00f3n, humedad, tabaco, WC, entre otros.<\/strong><\/p><p>Su f\u00f3rmula ultra avanzada\u00a0<strong>elimina por completo los malos olores<\/strong>, dejando un agradable aroma c\u00edtrico en el ambiente.<\/p><p><strong>Formatos disponibles<\/strong>: 800gr, 350gr, 200gr y 33gr<\/p>\t\t\t\t\t\t\t\t<\/div>\n\t\t\t\t<\/div>\n\t\t\t\t\t<\/div>\n\t\t<\/div>\n\t\t\t\t\t<\/div>\n\t\t<\/section>\n\t\t\t\t<section class=\"elementor-section elementor-top-section elementor-element elementor-element-05de5af elementor-section-boxed elementor-section-height-default elementor-section-height-default elementor-invisible\" data-id=\"05de5af\" data-element_type=\"section\" data-e-type=\"section\" data-settings=\"{&quot;background_background&quot;:&quot;classic&quot;,&quot;animation&quot;:&quot;fadeIn&quot;}\">\n\t\t\t\t\t\t\t<div class=\"elementor-background-overlay\"><\/div>\n\t\t\t\t\t\t\t<div class=\"elementor-container elementor-column-gap-no\">\n\t\t\t\t\t<div class=\"elementor-column elementor-col-100 elementor-top-column elementor-element elementor-element-7023661\" data-id=\"7023661\" data-element_type=\"column\" data-e-type=\"column\">\n\t\t\t<div class=\"elementor-widget-wrap elementor-element-populated\">\n\t\t\t\t\t\t<div class=\"elementor-element elementor-element-1134865 elementor-widget elementor-widget-heading\" data-id=\"1134865\" data-element_type=\"widget\" data-e-type=\"widget\" data-widget_type=\"heading.default\">\n\t\t\t\t<div class=\"elementor-widget-container\">\n\t\t\t\t\t<h3 class=\"elementor-heading-title elementor-size-default\">Todos los productos Biopulcher MAX<\/h3>\t\t\t\t<\/div>\n\t\t\t\t<\/div>\n\t\t\t\t<div class=\"elementor-element elementor-element-40b85d4 elementor-grid-mobile-1 elementor-product-loop-item--align-center elementor-grid-4 elementor-grid-tablet-3 elementor-products-grid elementor-wc-products elementor-widget elementor-widget-woocommerce-products\" data-id=\"40b85d4\" data-element_type=\"widget\" data-e-type=\"widget\" data-widget_type=\"woocommerce-products.default\">\n\t\t\t\t<div class=\"elementor-widget-container\">\n\t\t\t\t\t<div class=\"woocommerce columns-4 \"><ul class=\"products elementor-grid columns-4\">\n<li class=\"product type-product post-113 status-publish first instock product_cat-33gr product_cat-geles-antiolor has-post-thumbnail taxable shipping-taxable purchasable product-type-simple\">\n\t<a href=\"https:\/\/biodorcontrol.es\/shop\/product\/biopulcher-max\/\" class=\"woocommerce-LoopProduct-link woocommerce-loop-product__link\"><img decoding=\"async\" width=\"300\" height=\"300\" src=\"https:\/\/biodorcontrol.es\/shop\/wp-content\/uploads\/2024\/02\/Biodor-control-max-ES-300x300.jpg\" class=\"attachment-woocommerce_thumbnail size-woocommerce_thumbnail\" alt=\"Biopulcher MAX\" srcset=\"https:\/\/biodorcontrol.es\/shop\/wp-content\/uploads\/2024\/02\/Biodor-control-max-ES-300x300.jpg 300w, https:\/\/biodorcontrol.es\/shop\/wp-content\/uploads\/2024\/02\/Biodor-control-max-ES-150x150.jpg 150w, https:\/\/biodorcontrol.es\/shop\/wp-content\/uploads\/2024\/02\/Biodor-control-max-ES-768x768.jpg 768w, https:\/\/biodorcontrol.es\/shop\/wp-content\/uploads\/2024\/02\/Biodor-control-max-ES-600x600.jpg 600w, https:\/\/biodorcontrol.es\/shop\/wp-content\/uploads\/2024\/02\/Biodor-control-max-ES-100x100.jpg 100w, https:\/\/biodorcontrol.es\/shop\/wp-content\/uploads\/2024\/02\/Biodor-control-max-ES.jpg 800w\" sizes=\"(max-width: 300px) 100vw, 300px\" \/><h2 class=\"woocommerce-loop-product__title\">Biopulcher MAX<\/h2>\n\t<span class=\"price\"><span class=\"woocommerce-Price-amount amount\"><bdi>14,98&nbsp;<span class=\"woocommerce-Price-currencySymbol\">&euro;<\/span><\/bdi><\/span><\/span>\n<\/a><a href=\"\/shop\/wp-json\/wp\/v2\/pages\/2801?add-to-cart=113\" aria-describedby=\"woocommerce_loop_add_to_cart_link_describedby_113\" data-quantity=\"1\" class=\"button product_type_simple add_to_cart_button ajax_add_to_cart\" data-product_id=\"113\" data-product_sku=\"\" aria-label=\"A\u00f1adir al carrito: &ldquo;Biopulcher MAX&rdquo;\" rel=\"nofollow\" data-success_message=\"\u00abBiopulcher MAX\u00bb se ha a\u00f1adido a tu carrito\">A\u00f1adir al carrito<\/a>\t<span id=\"woocommerce_loop_add_to_cart_link_describedby_113\" class=\"screen-reader-text\">\n\t\t\t<\/span>\n<\/li>\n<li class=\"product type-product post-1792 status-publish instock product_cat-200gr product_cat-geles-antiolor has-post-thumbnail taxable shipping-taxable purchasable product-type-simple\">\n\t<a href=\"https:\/\/biodorcontrol.es\/shop\/product\/biopulcher-max-200\/\" class=\"woocommerce-LoopProduct-link woocommerce-loop-product__link\"><img decoding=\"async\" width=\"300\" height=\"300\" src=\"https:\/\/biodorcontrol.es\/shop\/wp-content\/uploads\/2024\/02\/Biodor-control-max-200-ES-300x300.jpg\" class=\"attachment-woocommerce_thumbnail size-woocommerce_thumbnail\" alt=\"Biopulcher MAX 200gr\" srcset=\"https:\/\/biodorcontrol.es\/shop\/wp-content\/uploads\/2024\/02\/Biodor-control-max-200-ES-300x300.jpg 300w, https:\/\/biodorcontrol.es\/shop\/wp-content\/uploads\/2024\/02\/Biodor-control-max-200-ES-150x150.jpg 150w, https:\/\/biodorcontrol.es\/shop\/wp-content\/uploads\/2024\/02\/Biodor-control-max-200-ES-768x768.jpg 768w, https:\/\/biodorcontrol.es\/shop\/wp-content\/uploads\/2024\/02\/Biodor-control-max-200-ES-600x600.jpg 600w, https:\/\/biodorcontrol.es\/shop\/wp-content\/uploads\/2024\/02\/Biodor-control-max-200-ES-100x100.jpg 100w, https:\/\/biodorcontrol.es\/shop\/wp-content\/uploads\/2024\/02\/Biodor-control-max-200-ES.jpg 800w\" sizes=\"(max-width: 300px) 100vw, 300px\" \/><h2 class=\"woocommerce-loop-product__title\">Biopulcher MAX 200gr<\/h2>\n\t<span class=\"price\"><span class=\"woocommerce-Price-amount amount\"><bdi>39,89&nbsp;<span class=\"woocommerce-Price-currencySymbol\">&euro;<\/span><\/bdi><\/span><\/span>\n<\/a><a href=\"\/shop\/wp-json\/wp\/v2\/pages\/2801?add-to-cart=1792\" aria-describedby=\"woocommerce_loop_add_to_cart_link_describedby_1792\" data-quantity=\"1\" class=\"button product_type_simple add_to_cart_button ajax_add_to_cart\" data-product_id=\"1792\" data-product_sku=\"\" aria-label=\"A\u00f1adir al carrito: &ldquo;Biopulcher MAX 200gr&rdquo;\" rel=\"nofollow\" data-success_message=\"\u00abBiopulcher MAX 200gr\u00bb se ha a\u00f1adido a tu carrito\">A\u00f1adir al carrito<\/a>\t<span id=\"woocommerce_loop_add_to_cart_link_describedby_1792\" class=\"screen-reader-text\">\n\t\t\t<\/span>\n<\/li>\n<li class=\"product type-product post-1790 status-publish instock product_cat-800gr product_cat-geles-antiolor has-post-thumbnail taxable shipping-taxable purchasable product-type-simple\">\n\t<a href=\"https:\/\/biodorcontrol.es\/shop\/product\/biopulcher-max-800\/\" class=\"woocommerce-LoopProduct-link woocommerce-loop-product__link\"><img loading=\"lazy\" decoding=\"async\" width=\"300\" height=\"300\" src=\"https:\/\/biodorcontrol.es\/shop\/wp-content\/uploads\/2024\/02\/Biodor-control-max-800-ES-EN-300x300.jpg\" class=\"attachment-woocommerce_thumbnail size-woocommerce_thumbnail\" alt=\"Biopulcher MAX 800gr\" srcset=\"https:\/\/biodorcontrol.es\/shop\/wp-content\/uploads\/2024\/02\/Biodor-control-max-800-ES-EN-300x300.jpg 300w, https:\/\/biodorcontrol.es\/shop\/wp-content\/uploads\/2024\/02\/Biodor-control-max-800-ES-EN-150x150.jpg 150w, https:\/\/biodorcontrol.es\/shop\/wp-content\/uploads\/2024\/02\/Biodor-control-max-800-ES-EN-768x768.jpg 768w, https:\/\/biodorcontrol.es\/shop\/wp-content\/uploads\/2024\/02\/Biodor-control-max-800-ES-EN-600x600.jpg 600w, https:\/\/biodorcontrol.es\/shop\/wp-content\/uploads\/2024\/02\/Biodor-control-max-800-ES-EN-100x100.jpg 100w, https:\/\/biodorcontrol.es\/shop\/wp-content\/uploads\/2024\/02\/Biodor-control-max-800-ES-EN.jpg 800w\" sizes=\"(max-width: 300px) 100vw, 300px\" \/><h2 class=\"woocommerce-loop-product__title\">Biopulcher MAX 800gr<\/h2>\n\t<span class=\"price\"><span class=\"woocommerce-Price-amount amount\"><bdi>129,45&nbsp;<span class=\"woocommerce-Price-currencySymbol\">&euro;<\/span><\/bdi><\/span><\/span>\n<\/a><a href=\"\/shop\/wp-json\/wp\/v2\/pages\/2801?add-to-cart=1790\" aria-describedby=\"woocommerce_loop_add_to_cart_link_describedby_1790\" data-quantity=\"1\" class=\"button product_type_simple add_to_cart_button ajax_add_to_cart\" data-product_id=\"1790\" data-product_sku=\"\" aria-label=\"A\u00f1adir al carrito: &ldquo;Biopulcher MAX 800gr&rdquo;\" rel=\"nofollow\" data-success_message=\"\u00abBiopulcher MAX 800gr\u00bb se ha a\u00f1adido a tu carrito\">A\u00f1adir al carrito<\/a>\t<span id=\"woocommerce_loop_add_to_cart_link_describedby_1790\" class=\"screen-reader-text\">\n\t\t\t<\/span>\n<\/li>\n<\/ul>\n<\/div>\t\t\t\t<\/div>\n\t\t\t\t<\/div>\n\t\t\t\t\t<\/div>\n\t\t<\/div>\n\t\t\t\t\t<\/div>\n\t\t<\/section>\n\t\t\t\t<\/div>\n\t\t","protected":false},"excerpt":{"rendered":"<p>Biopulcher MAX Biopulcher MAX\u00a0es un neutralizador de olores muy eficaz, especialmente dise\u00f1ado para eliminar los olores m\u00e1s intensos, como:\u00a0Fecales, bajantes, fosas, putrefacci\u00f3n, humedad, tabaco, WC, entre otros. Su f\u00f3rmula ultra avanzada\u00a0elimina por completo los malos olores, dejando un agradable aroma c\u00edtrico en el ambiente. Formatos disponibles: 800gr, 350gr, 200gr y 33gr Todos los productos Biopulcher [&hellip;]<\/p>\n","protected":false},"author":1,"featured_media":1034,"parent":0,"menu_order":0,"comment_status":"closed","ping_status":"closed","template":"","meta":{"_seopress_robots_primary_cat":"","_seopress_titles_title":"Biopulcher MAX elimina olores de: Fecales, bajantes, fosas, putrefacci\u00f3n, humedad, tabaco, WC, entre otros.","_seopress_titles_desc":"Biopulcher MAX es un neutralizador de olores muy eficaz, especialmente dise\u00f1ado para eliminar los olores m\u00e1s intensos, como: Fecales, bajantes, fosas, putrefacci\u00f3n, humedad, tabaco, WC, entre otros.","_seopress_robots_index":"","footnotes":""},"class_list":["post-2801","page","type-page","status-publish","has-post-thumbnail","hentry"],"_links":{"self":[{"href":"https:\/\/biodorcontrol.es\/shop\/wp-json\/wp\/v2\/pages\/2801","targetHints":{"allow":["GET"]}}],"collection":[{"href":"https:\/\/biodorcontrol.es\/shop\/wp-json\/wp\/v2\/pages"}],"about":[{"href":"https:\/\/biodorcontrol.es\/shop\/wp-json\/wp\/v2\/types\/page"}],"author":[{"embeddable":true,"href":"https:\/\/biodorcontrol.es\/shop\/wp-json\/wp\/v2\/users\/1"}],"replies":[{"embeddable":true,"href":"https:\/\/biodorcontrol.es\/shop\/wp-json\/wp\/v2\/comments?post=2801"}],"version-history":[{"count":19,"href":"https:\/\/biodorcontrol.es\/shop\/wp-json\/wp\/v2\/pages\/2801\/revisions"}],"predecessor-version":[{"id":3134,"href":"https:\/\/biodorcontrol.es\/shop\/wp-json\/wp\/v2\/pages\/2801\/revisions\/3134"}],"wp:featuredmedia":[{"embeddable":true,"href":"https:\/\/biodorcontrol.es\/shop\/wp-json\/wp\/v2\/media\/1034"}],"wp:attachment":[{"href":"https:\/\/biodorcontrol.es\/shop\/wp-json\/wp\/v2\/media?parent=2801"}],"curies":[{"name":"wp","href":"https:\/\/api.w.org\/{rel}","templated":true}]}}