{"id":1345,"date":"2024-07-09T10:13:57","date_gmt":"2024-07-09T08:13:57","guid":{"rendered":"https:\/\/biodorcontrol.es\/shop\/?post_type=product&#038;p=1345"},"modified":"2025-05-21T10:14:21","modified_gmt":"2025-05-21T08:14:21","slug":"biopulcher-cnb-eucalipto-200","status":"publish","type":"product","link":"https:\/\/biodorcontrol.es\/shop\/product\/biopulcher-cnb-eucalipto-200\/","title":{"rendered":"Biopulcher CNB Eucalipto 200gr"},"content":{"rendered":"\t\t<div data-elementor-type=\"product-post\" data-elementor-id=\"1345\" class=\"elementor elementor-1345\" data-elementor-post-type=\"product\">\n\t\t\t\t<div class=\"elementor-element elementor-element-38d62e2f e-flex e-con-boxed e-con e-parent\" data-id=\"38d62e2f\" data-element_type=\"container\" data-e-type=\"container\">\n\t\t\t\t\t<div class=\"e-con-inner\">\n\t\t\t\t<div class=\"elementor-element elementor-element-37a3b573 elementor-widget elementor-widget-text-editor\" data-id=\"37a3b573\" data-element_type=\"widget\" data-e-type=\"widget\" data-widget_type=\"text-editor.default\">\n\t\t\t\t<div class=\"elementor-widget-container\">\n\t\t\t\t\t\t\t\t\t<p><strong>Biopulcher CNB<\/strong> es un potente neutralizador de olores dise\u00f1ado para eliminar los olores<strong> m\u00e1s intensos de forma eficaz<\/strong>. Su f\u00f3rmula act\u00faa directamente sobre las mol\u00e9culas responsables del mal olor, garantizando un ambiente discreto, fresco y limpio.<\/p><p><strong>Caracter\u00edsticas principales:<\/strong><\/p><p>\u2705 <strong>Elimina olores al instante:<\/strong> Su f\u00f3rmula avanzada neutraliza los olores en minutos.<br \/>\u2705 <strong>Aroma eucalipto:<\/strong> Deja una suave fragancia a Eucalipto en el ambiente.<br \/>\u2705 <strong>Seguro:<\/strong> No t\u00f3xico para personas, mascotas y plantas.<br \/>\u2705 <strong>Duradero:<\/strong> Proporciona frescura durante semanas.<br \/>\u2705 <strong>Vers\u00e1til:<\/strong> Ideal para hogares, coches, oficinas, espacios cerrados, sistemas de ventilaci\u00f3n y m\u00e1s.<br \/>\u2705 <strong>F\u00e1cil de usar:<\/strong> Coloca el gel en el lugar deseado y deja que act\u00fae.<\/p><p><strong>Formato: 200gr<\/strong><\/p>\t\t\t\t\t\t\t\t<\/div>\n\t\t\t\t<\/div>\n\t\t\t\t\t<\/div>\n\t\t\t\t<\/div>\n\t\t\t\t<\/div>\n\t\t","protected":false},"excerpt":{"rendered":"<p>[elementor-template id=\"1683\"]<br \/>\n[elementor-template id=\"1354\"]<\/p>\n","protected":false},"featured_media":677,"comment_status":"closed","ping_status":"closed","template":"","meta":{"_seopress_robots_primary_cat":"none","_seopress_titles_title":"%%post_title%% %%sep%% Biodor Control - %%sitetitle%%","_seopress_titles_desc":"Biopulcher CNB 200 gramos ( Biodor Control ) elimina por completo el olor a tabaco y cannabis. Hasta 200 m2 Ideal para grandes formatos. Aroma Eucalipto.","_seopress_robots_index":""},"product_brand":[],"product_cat":[56,18],"product_tag":[],"class_list":{"0":"post-1345","1":"product","2":"type-product","3":"status-publish","4":"has-post-thumbnail","6":"product_cat-200gr","7":"product_cat-geles-antiolor","8":"product_shipping_class-regular","10":"first","11":"instock","12":"taxable","13":"shipping-taxable","14":"purchasable","15":"product-type-simple"},"_links":{"self":[{"href":"https:\/\/biodorcontrol.es\/shop\/wp-json\/wp\/v2\/product\/1345","targetHints":{"allow":["GET"]}}],"collection":[{"href":"https:\/\/biodorcontrol.es\/shop\/wp-json\/wp\/v2\/product"}],"about":[{"href":"https:\/\/biodorcontrol.es\/shop\/wp-json\/wp\/v2\/types\/product"}],"replies":[{"embeddable":true,"href":"https:\/\/biodorcontrol.es\/shop\/wp-json\/wp\/v2\/comments?post=1345"}],"version-history":[{"count":21,"href":"https:\/\/biodorcontrol.es\/shop\/wp-json\/wp\/v2\/product\/1345\/revisions"}],"predecessor-version":[{"id":3333,"href":"https:\/\/biodorcontrol.es\/shop\/wp-json\/wp\/v2\/product\/1345\/revisions\/3333"}],"wp:featuredmedia":[{"embeddable":true,"href":"https:\/\/biodorcontrol.es\/shop\/wp-json\/wp\/v2\/media\/677"}],"wp:attachment":[{"href":"https:\/\/biodorcontrol.es\/shop\/wp-json\/wp\/v2\/media?parent=1345"}],"wp:term":[{"taxonomy":"product_brand","embeddable":true,"href":"https:\/\/biodorcontrol.es\/shop\/wp-json\/wp\/v2\/product_brand?post=1345"},{"taxonomy":"product_cat","embeddable":true,"href":"https:\/\/biodorcontrol.es\/shop\/wp-json\/wp\/v2\/product_cat?post=1345"},{"taxonomy":"product_tag","embeddable":true,"href":"https:\/\/biodorcontrol.es\/shop\/wp-json\/wp\/v2\/product_tag?post=1345"}],"curies":[{"name":"wp","href":"https:\/\/api.w.org\/{rel}","templated":true}]}}