{"id":2757,"date":"2025-05-30T12:12:26","date_gmt":"2025-05-30T10:12:26","guid":{"rendered":"https:\/\/biodorcontrol.es\/shop\/?post_type=product&#038;p=2757"},"modified":"2026-01-08T13:49:47","modified_gmt":"2026-01-08T12:49:47","slug":"stop-olores-mascotas","status":"publish","type":"product","link":"https:\/\/biodorcontrol.es\/shop\/product\/stop-olores-mascotas\/","title":{"rendered":"STOP OLORES Mascotas"},"content":{"rendered":"<h2><strong>Neutralizador de olores bioenzim\u00e1tico para mascotas<\/strong><\/h2>\n<p>Potente neutralizador de olores <strong>bioenzim\u00e1tico y biodegradable<\/strong> que elimina de forma r\u00e1pida y eficaz los malos olores relacionados con las mascotas (<strong>Corporal, orina, heces, v\u00f3mitos, saliva, entre otros..<\/strong>).<\/p>\n<p>Act\u00faa al instante para mantener frescas las superficies donde tus mascotas suelen descansar, como <strong>sof\u00e1s, camas, telas y alfombras<\/strong>, adem\u00e1s de neutralizar los olores persistentes en<strong> los areneros<\/strong>.<\/p>\n<p>Tambi\u00e9n ayuda a prevenir los <strong>orines en suelos y paredes<\/strong>.<\/p>\n<p><strong>\u2705 Altamente eficaz<\/strong><br \/>\n<strong>\u2705 Seguro para mascotas y personas<\/strong><br \/>\n<strong>\u2705 F\u00f3rmula bioenzim\u00e1tica no t\u00f3xica<\/strong><br \/>\n<strong>\u2705 Eco-friendly y biodegradable<\/strong><\/p>\n<p>&nbsp;<\/p>\n","protected":false},"excerpt":{"rendered":"[elementor-template id=\"3498\"]\n","protected":false},"featured_media":3472,"comment_status":"closed","ping_status":"closed","template":"","meta":{"_seopress_robots_primary_cat":"none","_seopress_titles_title":"STOP OLORES - Neutralizador de olores bioenzim\u00e1tico para mascotas","_seopress_titles_desc":"Potente neutralizador de olores bioenzim\u00e1tico y biodegradable que elimina de forma r\u00e1pida y eficaz los malos olores relacionados con las mascotas (Corporal, orina, heces, v\u00f3mitos, saliva, entre otros..).","_seopress_robots_index":""},"product_brand":[],"product_cat":[68],"product_tag":[],"class_list":{"0":"post-2757","1":"product","2":"type-product","3":"status-publish","4":"has-post-thumbnail","6":"product_cat-espray","8":"first","9":"instock","10":"taxable","11":"shipping-taxable","12":"purchasable","13":"product-type-simple"},"_links":{"self":[{"href":"https:\/\/biodorcontrol.es\/shop\/wp-json\/wp\/v2\/product\/2757","targetHints":{"allow":["GET"]}}],"collection":[{"href":"https:\/\/biodorcontrol.es\/shop\/wp-json\/wp\/v2\/product"}],"about":[{"href":"https:\/\/biodorcontrol.es\/shop\/wp-json\/wp\/v2\/types\/product"}],"replies":[{"embeddable":true,"href":"https:\/\/biodorcontrol.es\/shop\/wp-json\/wp\/v2\/comments?post=2757"}],"version-history":[{"count":12,"href":"https:\/\/biodorcontrol.es\/shop\/wp-json\/wp\/v2\/product\/2757\/revisions"}],"predecessor-version":[{"id":3509,"href":"https:\/\/biodorcontrol.es\/shop\/wp-json\/wp\/v2\/product\/2757\/revisions\/3509"}],"wp:featuredmedia":[{"embeddable":true,"href":"https:\/\/biodorcontrol.es\/shop\/wp-json\/wp\/v2\/media\/3472"}],"wp:attachment":[{"href":"https:\/\/biodorcontrol.es\/shop\/wp-json\/wp\/v2\/media?parent=2757"}],"wp:term":[{"taxonomy":"product_brand","embeddable":true,"href":"https:\/\/biodorcontrol.es\/shop\/wp-json\/wp\/v2\/product_brand?post=2757"},{"taxonomy":"product_cat","embeddable":true,"href":"https:\/\/biodorcontrol.es\/shop\/wp-json\/wp\/v2\/product_cat?post=2757"},{"taxonomy":"product_tag","embeddable":true,"href":"https:\/\/biodorcontrol.es\/shop\/wp-json\/wp\/v2\/product_tag?post=2757"}],"curies":[{"name":"wp","href":"https:\/\/api.w.org\/{rel}","templated":true}]}}